{"id":6591,"date":"2025-12-02T17:22:29","date_gmt":"2025-12-02T22:22:29","guid":{"rendered":"https:\/\/oasishealingspot.com\/?post_type=product&#038;p=6591"},"modified":"2026-01-28T12:24:41","modified_gmt":"2026-01-28T17:24:41","slug":"conecta-con-tu-energia-numerologica","status":"publish","type":"product","link":"https:\/\/oasishealingspot.com\/es\/shop-2\/conecta-con-tu-energia-numerologica","title":{"rendered":"Conecta con tu Energ\u00eda Numerol\u00f3gica"},"content":{"rendered":"<div data-elementor-type=\"product-post\" data-elementor-id=\"6591\" class=\"elementor elementor-6591\">\n\t\t\t\t\t\t<section class=\"elementor-section elementor-top-section elementor-element elementor-element-3362530c elementor-section-boxed elementor-section-height-default elementor-section-height-default\" data-id=\"3362530c\" data-element_type=\"section\">\n\t\t\t\t\t\t<div class=\"elementor-container elementor-column-gap-default\">\n\t\t\t\t\t<div class=\"elementor-column elementor-col-100 elementor-top-column elementor-element elementor-element-7513af0a\" data-id=\"7513af0a\" data-element_type=\"column\">\n\t\t\t<div class=\"elementor-widget-wrap elementor-element-populated\">\n\t\t\t\t\t\t<div class=\"elementor-element elementor-element-61dbd720 elementor-widget elementor-widget-text-editor\" data-id=\"61dbd720\" data-element_type=\"widget\" data-widget_type=\"text-editor.default\">\n\t\t\t\t<div class=\"elementor-widget-container\">\n\t\t\t\t\t\t\t\t\t<p data-start=\"306\" data-end=\"352\">\ud83c\udf19 <strong>Conecta con tu Energ\u00eda Numerol\u00f3gica<\/strong><\/p><p data-start=\"412\" data-end=\"622\">La numerolog\u00eda es un lenguaje sutil, antiguo y profundo. Un mapa energ\u00e9tico que te acompa\u00f1a desde el d\u00eda en que naciste.<br data-start=\"534\" data-end=\"537\" \/>Tus n\u00fameros guardan tu prop\u00f3sito, tu direcci\u00f3n y los ciclos que tu alma eligi\u00f3 vivir.<\/p><p data-start=\"624\" data-end=\"741\">Este taller es una invitaci\u00f3n a detenerte, respirar, y volver a conectar con la sabidur\u00eda que ya vive dentro de ti.<\/p><p data-start=\"748\" data-end=\"799\">\u2728 <strong data-start=\"753\" data-end=\"799\">\u00bfQu\u00e9 podr\u00e1s descubrir en esta experiencia?<\/strong><\/p><ul><li data-start=\"802\" data-end=\"852\">La vibraci\u00f3n aut\u00e9ntica de tu <strong data-start=\"831\" data-end=\"850\">Sendero de Vida<\/strong><\/li><li data-start=\"855\" data-end=\"909\">La fuerza interior que revela tu <strong data-start=\"888\" data-end=\"907\">N\u00famero del Alma<\/strong><\/li><li data-start=\"912\" data-end=\"950\">Tu energ\u00eda personal para el a\u00f1o 2026<\/li><li data-start=\"912\" data-end=\"950\">La gu\u00eda que ofrecen los <strong data-start=\"1025\" data-end=\"1048\">n\u00fameros angelicales<\/strong><\/li><li data-start=\"1053\" data-end=\"1105\">C\u00f3mo usar tus n\u00fameros como br\u00fajula espiritual diaria<\/li><\/ul><p data-start=\"1107\" data-end=\"1175\">Cada aprendizaje ser\u00e1 pr\u00e1ctico, aplicable y profundamente revelador.<\/p><p data-start=\"1107\" data-end=\"1175\"><strong data-start=\"1188\" data-end=\"1218\">Lo que incluye este taller<\/strong><\/p><ul><li data-start=\"1221\" data-end=\"1287\">3 horas de experiencia, aprendizaje y practica<\/li><li data-start=\"1290\" data-end=\"1333\">Tabla de numerolog\u00eda angelical<\/li><li data-start=\"1402\" data-end=\"1453\">Acompa\u00f1amiento durante el taller<\/li><li data-start=\"1456\" data-end=\"1516\">Herramientas para aplicar tu numerolog\u00eda en tu vida diaria<\/li><\/ul><p><br data-start=\"1890\" data-end=\"1893\" \/>\ud83d\udccd <strong data-start=\"1896\" data-end=\"1929\">Orlando, Florida \u2014 Online<\/strong><br data-start=\"1929\" data-end=\"1932\" \/><br \/><\/p>\t\t\t\t\t\t\t\t<\/div>\n\t\t\t\t<\/div>\n\t\t\t\t\t<\/div>\n\t\t<\/div>\n\t\t\t\t\t<\/div>\n\t\t<\/section>\n\t\t\t\t<\/div>","protected":false},"excerpt":{"rendered":"<p>\ud83c\udf19 Conecta con tu Energ\u00eda Numerol\u00f3gica La numerolog\u00eda es un lenguaje sutil, antiguo y profundo. Un mapa energ\u00e9tico que te acompa\u00f1a desde el d\u00eda en que naciste.Tus n\u00fameros guardan tu prop\u00f3sito, tu direcci\u00f3n y los ciclos que tu alma eligi\u00f3 vivir. Este taller es una invitaci\u00f3n a detenerte, respirar, y volver a conectar con la [&hellip;]<\/p>","protected":false},"featured_media":6592,"comment_status":"open","ping_status":"closed","template":"","meta":{"site-sidebar-layout":"default","site-content-layout":"","ast-site-content-layout":"default","site-content-style":"default","site-sidebar-style":"default","ast-global-header-display":"","ast-banner-title-visibility":"","ast-main-header-display":"","ast-hfb-above-header-display":"","ast-hfb-below-header-display":"","ast-hfb-mobile-header-display":"","site-post-title":"","ast-breadcrumbs-content":"","ast-featured-img":"","footer-sml-layout":"","ast-disable-related-posts":"","theme-transparent-header-meta":"default","adv-header-id-meta":"","stick-header-meta":"","header-above-stick-meta":"","header-main-stick-meta":"","header-below-stick-meta":"","astra-migrate-meta-layouts":"set","ast-page-background-enabled":"default","ast-page-background-meta":{"desktop":{"background-color":"var(--ast-global-color-4)","background-image":"","background-repeat":"repeat","background-position":"center center","background-size":"auto","background-attachment":"scroll","background-type":"","background-media":"","overlay-type":"","overlay-color":"","overlay-opacity":"","overlay-gradient":""},"tablet":{"background-color":"","background-image":"","background-repeat":"repeat","background-position":"center center","background-size":"auto","background-attachment":"scroll","background-type":"","background-media":"","overlay-type":"","overlay-color":"","overlay-opacity":"","overlay-gradient":""},"mobile":{"background-color":"","background-image":"","background-repeat":"repeat","background-position":"center center","background-size":"auto","background-attachment":"scroll","background-type":"","background-media":"","overlay-type":"","overlay-color":"","overlay-opacity":"","overlay-gradient":""}},"ast-content-background-meta":{"desktop":{"background-color":"var(--ast-global-color-5)","background-image":"","background-repeat":"repeat","background-position":"center center","background-size":"auto","background-attachment":"scroll","background-type":"","background-media":"","overlay-type":"","overlay-color":"","overlay-opacity":"","overlay-gradient":""},"tablet":{"background-color":"var(--ast-global-color-5)","background-image":"","background-repeat":"repeat","background-position":"center center","background-size":"auto","background-attachment":"scroll","background-type":"","background-media":"","overlay-type":"","overlay-color":"","overlay-opacity":"","overlay-gradient":""},"mobile":{"background-color":"var(--ast-global-color-5)","background-image":"","background-repeat":"repeat","background-position":"center center","background-size":"auto","background-attachment":"scroll","background-type":"","background-media":"","overlay-type":"","overlay-color":"","overlay-opacity":"","overlay-gradient":""}}},"product_brand":[],"product_cat":[21],"product_tag":[],"class_list":{"0":"post-6591","1":"product","2":"type-product","3":"status-publish","4":"has-post-thumbnail","6":"product_cat-courses","7":"desktop-align-left","8":"tablet-align-left","9":"mobile-align-left","11":"first","12":"instock","13":"sale","14":"downloadable","15":"virtual","16":"taxable","17":"purchasable","18":"product-type-simple"},"_links":{"self":[{"href":"https:\/\/oasishealingspot.com\/es\/wp-json\/wp\/v2\/product\/6591","targetHints":{"allow":["GET"]}}],"collection":[{"href":"https:\/\/oasishealingspot.com\/es\/wp-json\/wp\/v2\/product"}],"about":[{"href":"https:\/\/oasishealingspot.com\/es\/wp-json\/wp\/v2\/types\/product"}],"replies":[{"embeddable":true,"href":"https:\/\/oasishealingspot.com\/es\/wp-json\/wp\/v2\/comments?post=6591"}],"version-history":[{"count":11,"href":"https:\/\/oasishealingspot.com\/es\/wp-json\/wp\/v2\/product\/6591\/revisions"}],"predecessor-version":[{"id":6646,"href":"https:\/\/oasishealingspot.com\/es\/wp-json\/wp\/v2\/product\/6591\/revisions\/6646"}],"wp:featuredmedia":[{"embeddable":true,"href":"https:\/\/oasishealingspot.com\/es\/wp-json\/wp\/v2\/media\/6592"}],"wp:attachment":[{"href":"https:\/\/oasishealingspot.com\/es\/wp-json\/wp\/v2\/media?parent=6591"}],"wp:term":[{"taxonomy":"product_brand","embeddable":true,"href":"https:\/\/oasishealingspot.com\/es\/wp-json\/wp\/v2\/product_brand?post=6591"},{"taxonomy":"product_cat","embeddable":true,"href":"https:\/\/oasishealingspot.com\/es\/wp-json\/wp\/v2\/product_cat?post=6591"},{"taxonomy":"product_tag","embeddable":true,"href":"https:\/\/oasishealingspot.com\/es\/wp-json\/wp\/v2\/product_tag?post=6591"}],"curies":[{"name":"wp","href":"https:\/\/api.w.org\/{rel}","templated":true}]}}