{"id":6530,"date":"2025-11-06T16:34:10","date_gmt":"2025-11-06T21:34:10","guid":{"rendered":"https:\/\/oasishealingspot.com\/?post_type=product&#038;p=6530"},"modified":"2025-11-06T16:37:43","modified_gmt":"2025-11-06T21:37:43","slug":"mensaje-divino","status":"publish","type":"product","link":"https:\/\/oasishealingspot.com\/es\/shop-2\/mensaje-divino","title":{"rendered":"Mensaje Divino"},"content":{"rendered":"<p><span style=\"font-weight: 400;\">Mensaje Divino es una lectura para aquellas personas <span class=\"a_GcMg font-feature-liga-off font-feature-clig-off font-feature-calt-off text-decoration-none text-strikethrough-none\"> buscan gu\u00eda y protecci\u00f3n espiritual para el nuevo a\u00f1o.<\/span><\/span><\/p>\n<p><span style=\"font-weight: 400;\"><br \/>\n<\/span><span style=\"font-weight: 400;\">En esta sesi\u00f3n incluye:<\/span><\/p>\n<ul>\n<li><span style=\"font-weight: 400;\"><span style=\"font-size: 16px;\">Lectura Ak\u00e1shica canalizada.<\/span><br \/>\n<\/span><\/li>\n<li><span class=\"a_GcMg font-feature-liga-off font-feature-clig-off font-feature-calt-off text-decoration-none text-strikethrough-none\">Sanaci\u00f3n Ak\u00e1shica con frecuencia de amor y compasi\u00f3n.<\/span><\/li>\n<li><span class=\"a_GcMg font-feature-liga-off font-feature-clig-off font-feature-calt-off text-decoration-none text-strikethrough-none\">Mensaje de tus gu\u00edas espirituales para el 2026.<\/span><\/li>\n<\/ul>\n<p>Valor: $111<\/p>\n<p><span style=\"font-weight: 400;\">Duraci\u00f3n<\/span><b>:<\/b><span style=\"font-weight: 400;\"> 90 min<\/span><\/p>\n<p><span style=\"font-weight: 400;\">Modalidad<\/span><b>:<\/b><span style=\"font-weight: 400;\"> Online y Presencial<\/span><\/p>","protected":false},"excerpt":{"rendered":"<p>Mensaje Divino es una lectura para aquellas personas buscan gu\u00eda y protecci\u00f3n espiritual para el nuevo a\u00f1o. En esta sesi\u00f3n incluye: Lectura Ak\u00e1shica canalizada. Sanaci\u00f3n Ak\u00e1shica con frecuencia de amor y compasi\u00f3n. Mensaje de tus gu\u00edas espirituales para el 2026. Valor: $111 Duraci\u00f3n: 90 min Modalidad: Online y Presencial<\/p>","protected":false},"featured_media":6531,"comment_status":"open","ping_status":"closed","template":"","meta":{"site-sidebar-layout":"default","site-content-layout":"default","ast-site-content-layout":"default","site-content-style":"default","site-sidebar-style":"default","ast-global-header-display":"","ast-banner-title-visibility":"","ast-main-header-display":"","ast-hfb-above-header-display":"","ast-hfb-below-header-display":"","ast-hfb-mobile-header-display":"","site-post-title":"","ast-breadcrumbs-content":"","ast-featured-img":"","footer-sml-layout":"","ast-disable-related-posts":"","theme-transparent-header-meta":"default","adv-header-id-meta":"","stick-header-meta":"","header-above-stick-meta":"","header-main-stick-meta":"","header-below-stick-meta":"","astra-migrate-meta-layouts":"set","ast-page-background-enabled":"default","ast-page-background-meta":{"desktop":{"background-color":"var(--ast-global-color-4)","background-image":"","background-repeat":"repeat","background-position":"center center","background-size":"auto","background-attachment":"scroll","background-type":"","background-media":"","overlay-type":"","overlay-color":"","overlay-opacity":"","overlay-gradient":""},"tablet":{"background-color":"","background-image":"","background-repeat":"repeat","background-position":"center center","background-size":"auto","background-attachment":"scroll","background-type":"","background-media":"","overlay-type":"","overlay-color":"","overlay-opacity":"","overlay-gradient":""},"mobile":{"background-color":"","background-image":"","background-repeat":"repeat","background-position":"center center","background-size":"auto","background-attachment":"scroll","background-type":"","background-media":"","overlay-type":"","overlay-color":"","overlay-opacity":"","overlay-gradient":""}},"ast-content-background-meta":{"desktop":{"background-color":"var(--ast-global-color-5)","background-image":"","background-repeat":"repeat","background-position":"center center","background-size":"auto","background-attachment":"scroll","background-type":"","background-media":"","overlay-type":"","overlay-color":"","overlay-opacity":"","overlay-gradient":""},"tablet":{"background-color":"var(--ast-global-color-5)","background-image":"","background-repeat":"repeat","background-position":"center center","background-size":"auto","background-attachment":"scroll","background-type":"","background-media":"","overlay-type":"","overlay-color":"","overlay-opacity":"","overlay-gradient":""},"mobile":{"background-color":"var(--ast-global-color-5)","background-image":"","background-repeat":"repeat","background-position":"center center","background-size":"auto","background-attachment":"scroll","background-type":"","background-media":"","overlay-type":"","overlay-color":"","overlay-opacity":"","overlay-gradient":""}}},"product_brand":[],"product_cat":[21],"product_tag":[],"class_list":{"0":"post-6530","1":"product","2":"type-product","3":"status-publish","4":"has-post-thumbnail","6":"product_cat-courses","7":"desktop-align-left","8":"tablet-align-left","9":"mobile-align-left","11":"first","12":"instock","13":"downloadable","14":"virtual","15":"purchasable","16":"product-type-simple"},"_links":{"self":[{"href":"https:\/\/oasishealingspot.com\/es\/wp-json\/wp\/v2\/product\/6530","targetHints":{"allow":["GET"]}}],"collection":[{"href":"https:\/\/oasishealingspot.com\/es\/wp-json\/wp\/v2\/product"}],"about":[{"href":"https:\/\/oasishealingspot.com\/es\/wp-json\/wp\/v2\/types\/product"}],"replies":[{"embeddable":true,"href":"https:\/\/oasishealingspot.com\/es\/wp-json\/wp\/v2\/comments?post=6530"}],"version-history":[{"count":1,"href":"https:\/\/oasishealingspot.com\/es\/wp-json\/wp\/v2\/product\/6530\/revisions"}],"predecessor-version":[{"id":6532,"href":"https:\/\/oasishealingspot.com\/es\/wp-json\/wp\/v2\/product\/6530\/revisions\/6532"}],"wp:featuredmedia":[{"embeddable":true,"href":"https:\/\/oasishealingspot.com\/es\/wp-json\/wp\/v2\/media\/6531"}],"wp:attachment":[{"href":"https:\/\/oasishealingspot.com\/es\/wp-json\/wp\/v2\/media?parent=6530"}],"wp:term":[{"taxonomy":"product_brand","embeddable":true,"href":"https:\/\/oasishealingspot.com\/es\/wp-json\/wp\/v2\/product_brand?post=6530"},{"taxonomy":"product_cat","embeddable":true,"href":"https:\/\/oasishealingspot.com\/es\/wp-json\/wp\/v2\/product_cat?post=6530"},{"taxonomy":"product_tag","embeddable":true,"href":"https:\/\/oasishealingspot.com\/es\/wp-json\/wp\/v2\/product_tag?post=6530"}],"curies":[{"name":"wp","href":"https:\/\/api.w.org\/{rel}","templated":true}]}}