{"id":6524,"date":"2025-11-06T16:23:30","date_gmt":"2025-11-06T21:23:30","guid":{"rendered":"https:\/\/oasishealingspot.com\/?post_type=product&#038;p=6524"},"modified":"2025-11-06T16:30:14","modified_gmt":"2025-11-06T21:30:14","slug":"renacer-2026","status":"publish","type":"product","link":"https:\/\/oasishealingspot.com\/es\/shop-2\/renacer-2026","title":{"rendered":"Renacer 2026"},"content":{"rendered":"<p><span style=\"font-weight: 400;\">Renacer 2026 una lectura dise\u00f1ada para acompa\u00f1arte a cerrar el ciclo con claridad y recibir el nuevo a\u00f1o desde una energ\u00eda renovada. <span class=\"a_GcMg font-feature-liga-off font-feature-clig-off font-feature-calt-off text-decoration-none text-strikethrough-none\">Ideal para quienes desean claridad y direcci\u00f3n para comenzar el a\u00f1o alineados con su energ\u00eda.<\/span><\/span><\/p>\n<p><span style=\"font-weight: 400;\">En esta sesi\u00f3n exploraremos:<\/span><span style=\"font-weight: 400;\"><br \/>\n<\/span><span style=\"font-weight: 400;\"> \u2022 <\/span>Tu A\u00f1o Personal 2026 (la vibraci\u00f3n que te acompa\u00f1a).<br \/>\n\u2022 Oportunidades y desaf\u00edos energ\u00e9ticos del ciclo.<br \/>\n\u2022 Recomendaciones de h\u00e1bitos y enfoque espiritual.<br \/>\n\u2022 Mensaje complementario de tus \u00e1ngeles<span style=\"font-weight: 400;\"> para cerrar con conexi\u00f3n y gu\u00eda.<\/span><\/p>\n<p><span style=\"font-size: 16px; -webkit-text-size-adjust: 100%;\">Valor: $99<\/span><\/p>\n<p><span style=\"font-weight: 400;\">Duraci\u00f3n: 60 min<\/span><\/p>\n<p><span style=\"font-weight: 400;\">Modalidad: Online (coordinamos una llamada para revisar tu reporte)<\/span><\/p>","protected":false},"excerpt":{"rendered":"<p>Renacer 2026 una lectura dise\u00f1ada para acompa\u00f1arte a cerrar el ciclo con claridad y recibir el nuevo a\u00f1o desde una energ\u00eda renovada. Ideal para quienes desean claridad y direcci\u00f3n para comenzar el a\u00f1o alineados con su energ\u00eda. En esta sesi\u00f3n exploraremos: \u2022 Tu A\u00f1o Personal 2026 (la vibraci\u00f3n que te acompa\u00f1a). \u2022 Oportunidades y desaf\u00edos [&hellip;]<\/p>","protected":false},"featured_media":6525,"comment_status":"open","ping_status":"closed","template":"","meta":{"site-sidebar-layout":"default","site-content-layout":"default","ast-site-content-layout":"default","site-content-style":"default","site-sidebar-style":"default","ast-global-header-display":"","ast-banner-title-visibility":"","ast-main-header-display":"","ast-hfb-above-header-display":"","ast-hfb-below-header-display":"","ast-hfb-mobile-header-display":"","site-post-title":"","ast-breadcrumbs-content":"","ast-featured-img":"","footer-sml-layout":"","ast-disable-related-posts":"","theme-transparent-header-meta":"default","adv-header-id-meta":"","stick-header-meta":"","header-above-stick-meta":"","header-main-stick-meta":"","header-below-stick-meta":"","astra-migrate-meta-layouts":"set","ast-page-background-enabled":"default","ast-page-background-meta":{"desktop":{"background-color":"var(--ast-global-color-4)","background-image":"","background-repeat":"repeat","background-position":"center center","background-size":"auto","background-attachment":"scroll","background-type":"","background-media":"","overlay-type":"","overlay-color":"","overlay-opacity":"","overlay-gradient":""},"tablet":{"background-color":"","background-image":"","background-repeat":"repeat","background-position":"center center","background-size":"auto","background-attachment":"scroll","background-type":"","background-media":"","overlay-type":"","overlay-color":"","overlay-opacity":"","overlay-gradient":""},"mobile":{"background-color":"","background-image":"","background-repeat":"repeat","background-position":"center center","background-size":"auto","background-attachment":"scroll","background-type":"","background-media":"","overlay-type":"","overlay-color":"","overlay-opacity":"","overlay-gradient":""}},"ast-content-background-meta":{"desktop":{"background-color":"var(--ast-global-color-5)","background-image":"","background-repeat":"repeat","background-position":"center center","background-size":"auto","background-attachment":"scroll","background-type":"","background-media":"","overlay-type":"","overlay-color":"","overlay-opacity":"","overlay-gradient":""},"tablet":{"background-color":"var(--ast-global-color-5)","background-image":"","background-repeat":"repeat","background-position":"center center","background-size":"auto","background-attachment":"scroll","background-type":"","background-media":"","overlay-type":"","overlay-color":"","overlay-opacity":"","overlay-gradient":""},"mobile":{"background-color":"var(--ast-global-color-5)","background-image":"","background-repeat":"repeat","background-position":"center center","background-size":"auto","background-attachment":"scroll","background-type":"","background-media":"","overlay-type":"","overlay-color":"","overlay-opacity":"","overlay-gradient":""}}},"product_brand":[],"product_cat":[21],"product_tag":[],"class_list":{"0":"post-6524","1":"product","2":"type-product","3":"status-publish","4":"has-post-thumbnail","6":"product_cat-courses","7":"desktop-align-left","8":"tablet-align-left","9":"mobile-align-left","11":"first","12":"instock","13":"downloadable","14":"virtual","15":"purchasable","16":"product-type-simple"},"_links":{"self":[{"href":"https:\/\/oasishealingspot.com\/es\/wp-json\/wp\/v2\/product\/6524","targetHints":{"allow":["GET"]}}],"collection":[{"href":"https:\/\/oasishealingspot.com\/es\/wp-json\/wp\/v2\/product"}],"about":[{"href":"https:\/\/oasishealingspot.com\/es\/wp-json\/wp\/v2\/types\/product"}],"replies":[{"embeddable":true,"href":"https:\/\/oasishealingspot.com\/es\/wp-json\/wp\/v2\/comments?post=6524"}],"version-history":[{"count":1,"href":"https:\/\/oasishealingspot.com\/es\/wp-json\/wp\/v2\/product\/6524\/revisions"}],"predecessor-version":[{"id":6526,"href":"https:\/\/oasishealingspot.com\/es\/wp-json\/wp\/v2\/product\/6524\/revisions\/6526"}],"wp:featuredmedia":[{"embeddable":true,"href":"https:\/\/oasishealingspot.com\/es\/wp-json\/wp\/v2\/media\/6525"}],"wp:attachment":[{"href":"https:\/\/oasishealingspot.com\/es\/wp-json\/wp\/v2\/media?parent=6524"}],"wp:term":[{"taxonomy":"product_brand","embeddable":true,"href":"https:\/\/oasishealingspot.com\/es\/wp-json\/wp\/v2\/product_brand?post=6524"},{"taxonomy":"product_cat","embeddable":true,"href":"https:\/\/oasishealingspot.com\/es\/wp-json\/wp\/v2\/product_cat?post=6524"},{"taxonomy":"product_tag","embeddable":true,"href":"https:\/\/oasishealingspot.com\/es\/wp-json\/wp\/v2\/product_tag?post=6524"}],"curies":[{"name":"wp","href":"https:\/\/api.w.org\/{rel}","templated":true}]}}