{"id":6244,"date":"2025-05-22T11:18:26","date_gmt":"2025-05-22T15:18:26","guid":{"rendered":"https:\/\/oasishealingspot.com\/?post_type=product&#038;p=6244"},"modified":"2025-05-22T11:22:08","modified_gmt":"2025-05-22T15:22:08","slug":"tarot-rueda-astrologica","status":"publish","type":"product","link":"https:\/\/oasishealingspot.com\/es\/shop-2\/tarot-rueda-astrologica","title":{"rendered":"Tarot Rueda Astrol\u00f3gica"},"content":{"rendered":"<p class=\"p1\"><span class=\"s1\">Aprende la lectura mas completa de Tarot<span class=\"Apple-converted-space\">\u00a0 <\/span>y Potencia tus lecturas de Tarot con el lenguaje astrol\u00f3gico.<\/span><\/p>\n<p class=\"p1\"><span class=\"s1\">Fecha:<\/span><span class=\"s2\"> Jueves, 5 de junio | <\/span><span class=\"s1\">Hora:<\/span><span class=\"s2\"> 7:00 PM \u2013 9:00 PM<\/span><\/p>\n<p class=\"p1\"><span class=\"s1\">Requisito:<\/span><span class=\"s2\"> Conocimiento y dominio de los Arcanos Mayores<\/span><\/p>\n<p class=\"p1\"><span class=\"s1\">\u00bfQu\u00e9 aprender\u00e1s?<\/span><\/p>\n<p class=\"p3\"><span class=\"s2\"> \u2022 C\u00f3mo vincular los Arcanos Mayores con los signos zodiacales y las asociaciones planetarias.<\/span><\/p>\n<p class=\"p3\"><span class=\"s2\"> \u2022 Lecturas con la Rueda Astrol\u00f3gica: una tirada profunda que ofrece una visi\u00f3n de 12 casas (\u00e1reas de vida).<\/span><\/p>\n<p class=\"p3\"><span class=\"s2\"> \u2022 Principios basicos de la astrolog\u00eda y 5 t\u00e9cnicas diferentes para utilizar e interpretar la Rueda Astrologica.<\/span><\/p>\n<p class=\"p3\"><span class=\"s2\"> \u2022 Activaciones energ\u00e9ticas y simb\u00f3licas de cada casa astrol\u00f3gica.<\/span><\/p>\n<p class=\"p1\"><span class=\"s1\">Ideal para:<\/span><span class=\"s2\"> lectores\/as de Tarot que buscan profundizar y expandir sus lecturas.<\/span><\/p>\n<p><span style=\"font-size: 16px; -webkit-text-size-adjust: 100%;\"><br \/>\nTaller solo en Espa\u00f1ol.<\/span><\/p>","protected":false},"excerpt":{"rendered":"<p>Aprende la lectura mas completa de Tarot\u00a0 y Potencia tus lecturas de Tarot con el lenguaje astrol\u00f3gico. Fecha: Jueves, 5 de junio | Hora: 7:00 PM \u2013 9:00 PM Requisito: Conocimiento y dominio de los Arcanos Mayores \u00bfQu\u00e9 aprender\u00e1s? \u2022 C\u00f3mo vincular los Arcanos Mayores con los signos zodiacales y las asociaciones planetarias. \u2022 Lecturas [&hellip;]<\/p>","protected":false},"featured_media":6245,"comment_status":"open","ping_status":"closed","template":"","meta":{"site-sidebar-layout":"default","site-content-layout":"default","ast-site-content-layout":"default","site-content-style":"default","site-sidebar-style":"default","ast-global-header-display":"","ast-banner-title-visibility":"","ast-main-header-display":"","ast-hfb-above-header-display":"","ast-hfb-below-header-display":"","ast-hfb-mobile-header-display":"","site-post-title":"","ast-breadcrumbs-content":"","ast-featured-img":"","footer-sml-layout":"","ast-disable-related-posts":"","theme-transparent-header-meta":"default","adv-header-id-meta":"","stick-header-meta":"","header-above-stick-meta":"","header-main-stick-meta":"","header-below-stick-meta":"","astra-migrate-meta-layouts":"set","ast-page-background-enabled":"default","ast-page-background-meta":{"desktop":{"background-color":"var(--ast-global-color-4)","background-image":"","background-repeat":"repeat","background-position":"center center","background-size":"auto","background-attachment":"scroll","background-type":"","background-media":"","overlay-type":"","overlay-color":"","overlay-opacity":"","overlay-gradient":""},"tablet":{"background-color":"","background-image":"","background-repeat":"repeat","background-position":"center center","background-size":"auto","background-attachment":"scroll","background-type":"","background-media":"","overlay-type":"","overlay-color":"","overlay-opacity":"","overlay-gradient":""},"mobile":{"background-color":"","background-image":"","background-repeat":"repeat","background-position":"center center","background-size":"auto","background-attachment":"scroll","background-type":"","background-media":"","overlay-type":"","overlay-color":"","overlay-opacity":"","overlay-gradient":""}},"ast-content-background-meta":{"desktop":{"background-color":"var(--ast-global-color-5)","background-image":"","background-repeat":"repeat","background-position":"center center","background-size":"auto","background-attachment":"scroll","background-type":"","background-media":"","overlay-type":"","overlay-color":"","overlay-opacity":"","overlay-gradient":""},"tablet":{"background-color":"var(--ast-global-color-5)","background-image":"","background-repeat":"repeat","background-position":"center center","background-size":"auto","background-attachment":"scroll","background-type":"","background-media":"","overlay-type":"","overlay-color":"","overlay-opacity":"","overlay-gradient":""},"mobile":{"background-color":"var(--ast-global-color-5)","background-image":"","background-repeat":"repeat","background-position":"center center","background-size":"auto","background-attachment":"scroll","background-type":"","background-media":"","overlay-type":"","overlay-color":"","overlay-opacity":"","overlay-gradient":""}}},"product_brand":[],"product_cat":[21],"product_tag":[],"class_list":{"0":"post-6244","1":"product","2":"type-product","3":"status-publish","4":"has-post-thumbnail","6":"product_cat-courses","7":"desktop-align-left","8":"tablet-align-left","9":"mobile-align-left","11":"first","12":"instock","13":"downloadable","14":"virtual","15":"purchasable","16":"product-type-simple"},"_links":{"self":[{"href":"https:\/\/oasishealingspot.com\/es\/wp-json\/wp\/v2\/product\/6244","targetHints":{"allow":["GET"]}}],"collection":[{"href":"https:\/\/oasishealingspot.com\/es\/wp-json\/wp\/v2\/product"}],"about":[{"href":"https:\/\/oasishealingspot.com\/es\/wp-json\/wp\/v2\/types\/product"}],"replies":[{"embeddable":true,"href":"https:\/\/oasishealingspot.com\/es\/wp-json\/wp\/v2\/comments?post=6244"}],"version-history":[{"count":1,"href":"https:\/\/oasishealingspot.com\/es\/wp-json\/wp\/v2\/product\/6244\/revisions"}],"predecessor-version":[{"id":6246,"href":"https:\/\/oasishealingspot.com\/es\/wp-json\/wp\/v2\/product\/6244\/revisions\/6246"}],"wp:featuredmedia":[{"embeddable":true,"href":"https:\/\/oasishealingspot.com\/es\/wp-json\/wp\/v2\/media\/6245"}],"wp:attachment":[{"href":"https:\/\/oasishealingspot.com\/es\/wp-json\/wp\/v2\/media?parent=6244"}],"wp:term":[{"taxonomy":"product_brand","embeddable":true,"href":"https:\/\/oasishealingspot.com\/es\/wp-json\/wp\/v2\/product_brand?post=6244"},{"taxonomy":"product_cat","embeddable":true,"href":"https:\/\/oasishealingspot.com\/es\/wp-json\/wp\/v2\/product_cat?post=6244"},{"taxonomy":"product_tag","embeddable":true,"href":"https:\/\/oasishealingspot.com\/es\/wp-json\/wp\/v2\/product_tag?post=6244"}],"curies":[{"name":"wp","href":"https:\/\/api.w.org\/{rel}","templated":true}]}}