{"id":6051,"date":"2025-03-10T12:30:10","date_gmt":"2025-03-10T16:30:10","guid":{"rendered":"https:\/\/oasishealingspot.com\/?post_type=product&#038;p=6051"},"modified":"2026-02-06T12:05:24","modified_gmt":"2026-02-06T17:05:24","slug":"mesa-radionica-maestro-st-germain","status":"publish","type":"product","link":"https:\/\/oasishealingspot.com\/es\/shop-2\/mesa-radionica-maestro-st-germain","title":{"rendered":"Mesa Radi\u00f3nica Maestro St. Germain"},"content":{"rendered":"<div data-elementor-type=\"product-post\" data-elementor-id=\"6051\" class=\"elementor elementor-6051\">\n\t\t\t\t\t\t<section class=\"elementor-section elementor-top-section elementor-element elementor-element-9968305 elementor-section-boxed elementor-section-height-default elementor-section-height-default\" data-id=\"9968305\" data-element_type=\"section\">\n\t\t\t\t\t\t<div class=\"elementor-container elementor-column-gap-default\">\n\t\t\t\t\t<div class=\"elementor-column elementor-col-100 elementor-top-column elementor-element elementor-element-1ef0fa5\" data-id=\"1ef0fa5\" data-element_type=\"column\">\n\t\t\t<div class=\"elementor-widget-wrap elementor-element-populated\">\n\t\t\t\t\t\t<div class=\"elementor-element elementor-element-a1e733d elementor-widget elementor-widget-text-editor\" data-id=\"a1e733d\" data-element_type=\"widget\" data-widget_type=\"text-editor.default\">\n\t\t\t\t<div class=\"elementor-widget-container\">\n\t\t\t\t\t\t\t\t\t<p data-start=\"185\" data-end=\"417\">La <strong data-start=\"188\" data-end=\"221\">Mesa Radi\u00f3nica de St. Germain<\/strong> es una poderosa herramienta de sanaci\u00f3n y armonizaci\u00f3n energ\u00e9tica que permite canalizar y transmutar energ\u00edas a trav\u00e9s de la <strong data-start=\"347\" data-end=\"364\">Llama Violeta<\/strong>, s\u00edmbolo de transformaci\u00f3n y elevaci\u00f3n espiritual.<\/p><p data-start=\"419\" data-end=\"584\">En este curso, aprender\u00e1s a utilizar esta herramienta cu\u00e1ntica para equilibrar tu vida, liberar bloqueos energ\u00e9ticos y potenciar tu bienestar en todos los niveles.\u00a0<\/p><h2 data-start=\"586\" data-end=\"611\">\u00bfQu\u00e9 aprender\u00e1s?\ud83d\udc9c<\/h2><p data-start=\"612\" data-end=\"1005\">\ud83d\udd39 Introducci\u00f3n a la mesa radi\u00f3nica y su aplicaci\u00f3n en la sanaci\u00f3n.<br data-start=\"674\" data-end=\"677\" \/>\ud83d\udd39 Conexi\u00f3n con la energ\u00eda del <strong data-start=\"708\" data-end=\"741\">Maestro Ascendido St. Germain<\/strong>.<br data-start=\"742\" data-end=\"745\" \/>\ud83d\udd39 Activaci\u00f3n y uso de la <strong data-start=\"771\" data-end=\"789\">Mesa Radi\u00f3nica<\/strong>.<br data-start=\"790\" data-end=\"793\" \/>\ud83d\udd39 T\u00e9cnicas de transmutaci\u00f3n con la <strong data-start=\"829\" data-end=\"846\">Llama Violeta<\/strong>.<br data-start=\"847\" data-end=\"850\" \/>\ud83d\udd39 Limpieza y armonizaci\u00f3n energ\u00e9tica de personas, situaciones y espacios.<br data-start=\"924\" data-end=\"927\" \/>\ud83d\udd39 Reprogramaci\u00f3n cu\u00e1ntica para la manifestaci\u00f3n de bienestar y prosperidad.<\/p><p>Beneficios del curso<\/p><p data-start=\"612\" data-end=\"1005\">\u2728 Aprender\u00e1s a trabajar con la energ\u00eda de la <strong data-start=\"1082\" data-end=\"1099\">Llama Violeta<\/strong> para transmutar patrones negativos.<br data-start=\"1135\" data-end=\"1138\" \/>\u2728 Podr\u00e1s armonizar tu energ\u00eda y la de otros, promoviendo equilibrio y bienestar.<br data-start=\"1218\" data-end=\"1221\" \/>\u2728 Adquirir\u00e1s herramientas para liberar bloqueos emocionales, mentales y espirituales.<br data-start=\"1306\" data-end=\"1309\" \/>\u2728Elevar\u00e1s tu vibraci\u00f3n y potenciar\u00e1s tu crecimiento espiritual.<br data-start=\"1373\" data-end=\"1376\" \/>\u2728 Mejorar\u00e1s la manifestaci\u00f3n de abundancia y prosperidad en tu vida.<br data-start=\"1444\" data-end=\"1447\" \/>\u2728 Obtendr\u00e1s un m\u00e9todo pr\u00e1ctico y efectivo para limpiar espacios de energ\u00edas densas.<\/p><p data-start=\"612\" data-end=\"1005\"><span style=\"font-style: inherit; font-weight: inherit; color: var( --e-global-color-text ); font-family: var( --e-global-typography-text-font-family ), Sans-serif;\">\u2728 Aprender\u00e1s a usar la mesa radi\u00f3nica para terceros.<\/span><\/p><p data-start=\"419\" data-end=\"584\">\ud83d\udccd <strong data-start=\"1571\" data-end=\"1585\">Modalidad:<\/strong>\u00a0Online<\/p><p data-start=\"419\" data-end=\"584\">\u00a0<\/p>\t\t\t\t\t\t\t\t<\/div>\n\t\t\t\t<\/div>\n\t\t\t\t\t<\/div>\n\t\t<\/div>\n\t\t\t\t\t<\/div>\n\t\t<\/section>\n\t\t\t\t<\/div>","protected":false},"excerpt":{"rendered":"<p>La Mesa Radi\u00f3nica de St. Germain es una poderosa herramienta de sanaci\u00f3n y armonizaci\u00f3n energ\u00e9tica que permite canalizar y transmutar energ\u00edas a trav\u00e9s de la Llama Violeta, s\u00edmbolo de transformaci\u00f3n y elevaci\u00f3n espiritual. En este curso, aprender\u00e1s a utilizar esta herramienta cu\u00e1ntica para equilibrar tu vida, liberar bloqueos energ\u00e9ticos y potenciar tu bienestar en todos [&hellip;]<\/p>","protected":false},"featured_media":6659,"comment_status":"open","ping_status":"closed","template":"","meta":{"site-sidebar-layout":"no-sidebar","site-content-layout":"page-builder","ast-site-content-layout":"full-width-container","site-content-style":"default","site-sidebar-style":"default","ast-global-header-display":"","ast-banner-title-visibility":"","ast-main-header-display":"","ast-hfb-above-header-display":"","ast-hfb-below-header-display":"","ast-hfb-mobile-header-display":"","site-post-title":"disabled","ast-breadcrumbs-content":"","ast-featured-img":"disabled","footer-sml-layout":"","ast-disable-related-posts":"","theme-transparent-header-meta":"default","adv-header-id-meta":"","stick-header-meta":"","header-above-stick-meta":"","header-main-stick-meta":"","header-below-stick-meta":"","astra-migrate-meta-layouts":"set","ast-page-background-enabled":"default","ast-page-background-meta":{"desktop":{"background-color":"var(--ast-global-color-4)","background-image":"","background-repeat":"repeat","background-position":"center center","background-size":"auto","background-attachment":"scroll","background-type":"","background-media":"","overlay-type":"","overlay-color":"","overlay-opacity":"","overlay-gradient":""},"tablet":{"background-color":"","background-image":"","background-repeat":"repeat","background-position":"center center","background-size":"auto","background-attachment":"scroll","background-type":"","background-media":"","overlay-type":"","overlay-color":"","overlay-opacity":"","overlay-gradient":""},"mobile":{"background-color":"","background-image":"","background-repeat":"repeat","background-position":"center center","background-size":"auto","background-attachment":"scroll","background-type":"","background-media":"","overlay-type":"","overlay-color":"","overlay-opacity":"","overlay-gradient":""}},"ast-content-background-meta":{"desktop":{"background-color":"var(--ast-global-color-5)","background-image":"","background-repeat":"repeat","background-position":"center center","background-size":"auto","background-attachment":"scroll","background-type":"","background-media":"","overlay-type":"","overlay-color":"","overlay-opacity":"","overlay-gradient":""},"tablet":{"background-color":"var(--ast-global-color-5)","background-image":"","background-repeat":"repeat","background-position":"center center","background-size":"auto","background-attachment":"scroll","background-type":"","background-media":"","overlay-type":"","overlay-color":"","overlay-opacity":"","overlay-gradient":""},"mobile":{"background-color":"var(--ast-global-color-5)","background-image":"","background-repeat":"repeat","background-position":"center center","background-size":"auto","background-attachment":"scroll","background-type":"","background-media":"","overlay-type":"","overlay-color":"","overlay-opacity":"","overlay-gradient":""}}},"product_brand":[],"product_cat":[21],"product_tag":[],"class_list":{"0":"post-6051","1":"product","2":"type-product","3":"status-publish","4":"has-post-thumbnail","6":"product_cat-courses","7":"desktop-align-left","8":"tablet-align-left","9":"mobile-align-left","11":"first","12":"instock","13":"downloadable","14":"virtual","15":"purchasable","16":"product-type-simple"},"_links":{"self":[{"href":"https:\/\/oasishealingspot.com\/es\/wp-json\/wp\/v2\/product\/6051","targetHints":{"allow":["GET"]}}],"collection":[{"href":"https:\/\/oasishealingspot.com\/es\/wp-json\/wp\/v2\/product"}],"about":[{"href":"https:\/\/oasishealingspot.com\/es\/wp-json\/wp\/v2\/types\/product"}],"replies":[{"embeddable":true,"href":"https:\/\/oasishealingspot.com\/es\/wp-json\/wp\/v2\/comments?post=6051"}],"version-history":[{"count":18,"href":"https:\/\/oasishealingspot.com\/es\/wp-json\/wp\/v2\/product\/6051\/revisions"}],"predecessor-version":[{"id":6666,"href":"https:\/\/oasishealingspot.com\/es\/wp-json\/wp\/v2\/product\/6051\/revisions\/6666"}],"wp:featuredmedia":[{"embeddable":true,"href":"https:\/\/oasishealingspot.com\/es\/wp-json\/wp\/v2\/media\/6659"}],"wp:attachment":[{"href":"https:\/\/oasishealingspot.com\/es\/wp-json\/wp\/v2\/media?parent=6051"}],"wp:term":[{"taxonomy":"product_brand","embeddable":true,"href":"https:\/\/oasishealingspot.com\/es\/wp-json\/wp\/v2\/product_brand?post=6051"},{"taxonomy":"product_cat","embeddable":true,"href":"https:\/\/oasishealingspot.com\/es\/wp-json\/wp\/v2\/product_cat?post=6051"},{"taxonomy":"product_tag","embeddable":true,"href":"https:\/\/oasishealingspot.com\/es\/wp-json\/wp\/v2\/product_tag?post=6051"}],"curies":[{"name":"wp","href":"https:\/\/api.w.org\/{rel}","templated":true}]}}