{"id":6037,"date":"2025-03-01T19:27:24","date_gmt":"2025-03-02T00:27:24","guid":{"rendered":"https:\/\/oasishealingspot.com\/?post_type=product&#038;p=6037"},"modified":"2026-03-13T11:04:17","modified_gmt":"2026-03-13T15:04:17","slug":"noche-de-meditacion","status":"publish","type":"product","link":"https:\/\/oasishealingspot.com\/es\/shop-2\/noche-de-meditacion","title":{"rendered":"Noche de Meditaci\u00f3n Luna Nueva en Piscis"},"content":{"rendered":"<div data-elementor-type=\"product-post\" data-elementor-id=\"6037\" class=\"elementor elementor-6037\">\n\t\t\t\t\t\t<section class=\"elementor-section elementor-top-section elementor-element elementor-element-9968305 elementor-section-boxed elementor-section-height-default elementor-section-height-default\" data-id=\"9968305\" data-element_type=\"section\">\n\t\t\t\t\t\t<div class=\"elementor-container elementor-column-gap-default\">\n\t\t\t\t\t<div class=\"elementor-column elementor-col-100 elementor-top-column elementor-element elementor-element-1ef0fa5\" data-id=\"1ef0fa5\" data-element_type=\"column\">\n\t\t\t<div class=\"elementor-widget-wrap elementor-element-populated\">\n\t\t\t\t\t\t<div class=\"elementor-element elementor-element-a1e733d elementor-widget elementor-widget-text-editor\" data-id=\"a1e733d\" data-element_type=\"widget\" data-widget_type=\"text-editor.default\">\n\t\t\t\t<div class=\"elementor-widget-container\">\n\t\t\t\t\t\t\t\t\t<p data-start=\"203\" data-end=\"247\"><strong data-start=\"206\" data-end=\"242\">Noche de Meditaci\u00f3n \u00b7 Luna Nueva en Piscis<\/strong><\/p><p data-start=\"303\" data-end=\"339\"><strong data-start=\"303\" data-end=\"339\">Meditaci\u00f3n guiada + Reiki Circle<\/strong><\/p><p data-start=\"341\" data-end=\"602\">Bajo la <strong>Luna Nueva en Piscis<\/strong> nos reunimos para vilver al alma.\u00a0<\/p><h6 data-start=\"758\" data-end=\"799\">\u2728 \u00bfQu\u00e9 viviremos en esta experiencia?<\/h6><ul><li><span class=\"a_GcMg font-feature-liga-off font-feature-clig-off font-feature-calt-off text-decoration-none text-strikethrough-none\">Un espacio sagrado de introspecci\u00f3n y renovaci\u00f3n.<\/span><\/li><li><span class=\"a_GcMg font-feature-liga-off font-feature-clig-off font-feature-calt-off text-decoration-none text-strikethrough-none\">M<\/span><span class=\"a_GcMg font-feature-liga-off font-feature-clig-off font-feature-calt-off text-decoration-none text-strikethrough-none\">editaci\u00f3n guiada para conectar con tu mundo interior<\/span><\/li><li><span class=\"a_GcMg font-feature-liga-off font-feature-clig-off font-feature-calt-off text-decoration-none text-strikethrough-none\">Liberaci\u00f3n energ\u00e9tica de cargas emocionales y mentales,<\/span><\/li><li><span class=\"a_GcMg font-feature-liga-off font-feature-clig-off font-feature-calt-off text-decoration-none text-strikethrough-none\">Armonizaci\u00f3n con Reiki en intenci\u00f3n grupal<\/span><\/li><li><span class=\"a_GcMg font-feature-liga-off font-feature-clig-off font-feature-calt-off text-decoration-none text-strikethrough-none\">Espacio para para sembrar intenciones alineadas con tu coraz\u00f3n,<\/span><\/li><li><span class=\"a_GcMg font-feature-liga-off font-feature-clig-off font-feature-calt-off text-decoration-none text-strikethrough-none\">Contenci\u00f3n, paz y reconexi\u00f3n con tu energ\u00eda femenina y espiritual.<\/span><\/li><li data-start=\"1157\" data-end=\"1229\"><p data-start=\"1159\" data-end=\"1229\"><strong data-start=\"1159\" data-end=\"1182\">Reiki Circle grupal<\/strong> para integrar, armonizar y elevar la energ\u00eda.<\/p><\/li><\/ul><p data-start=\"625\" data-end=\"674\">Un espacio para reconectar con tu intuici\u00f3n y con la energ\u00eda de un nuevo comienzo.<\/p><p data-start=\"676\" data-end=\"793\">\ud83d\udccd <strong data-start=\"679\" data-end=\"689\">Lugar:<\/strong> 708 E. Church St., Orlando<br data-start=\"716\" data-end=\"719\" \/>\u23f0 <strong data-start=\"721\" data-end=\"730\">Hora:<\/strong> 6:00 PM<br data-start=\"738\" data-end=\"741\" \/>\u2728 <strong data-start=\"743\" data-end=\"793\">Cupos limitados \u00b7 Meditaci\u00f3n grupal presencial<\/strong><\/p><p data-start=\"795\" data-end=\"869\">\ud83e\uddd8\u200d\u2642\ufe0f <em data-start=\"801\" data-end=\"869\">Para tu comodidad, te invitamos a traer tu mat de yoga y un coj\u00edn.<\/em><\/p><p data-start=\"795\" data-end=\"869\">No necesitas experiencia previa en meditaci\u00f3n o Reiki.<\/p><p data-start=\"795\" data-end=\"869\">Meditaci\u00f3n en Espa\u00f1ol. Toda venta es final.<\/p>\t\t\t\t\t\t\t\t<\/div>\n\t\t\t\t<\/div>\n\t\t\t\t\t<\/div>\n\t\t<\/div>\n\t\t\t\t\t<\/div>\n\t\t<\/section>\n\t\t\t\t<\/div>","protected":false},"excerpt":{"rendered":"<p>Noche de Meditaci\u00f3n \u00b7 Luna Nueva en Piscis Meditaci\u00f3n guiada + Reiki Circle Bajo la Luna Nueva en Piscis nos reunimos para vilver al alma.\u00a0 \u2728 \u00bfQu\u00e9 viviremos en esta experiencia? Un espacio sagrado de introspecci\u00f3n y renovaci\u00f3n. Meditaci\u00f3n guiada para conectar con tu mundo interior Liberaci\u00f3n energ\u00e9tica de cargas emocionales y mentales, Armonizaci\u00f3n con [&hellip;]<\/p>","protected":false},"featured_media":6679,"comment_status":"open","ping_status":"closed","template":"","meta":{"site-sidebar-layout":"no-sidebar","site-content-layout":"page-builder","ast-site-content-layout":"full-width-container","site-content-style":"default","site-sidebar-style":"default","ast-global-header-display":"","ast-banner-title-visibility":"","ast-main-header-display":"","ast-hfb-above-header-display":"","ast-hfb-below-header-display":"","ast-hfb-mobile-header-display":"","site-post-title":"disabled","ast-breadcrumbs-content":"","ast-featured-img":"disabled","footer-sml-layout":"","ast-disable-related-posts":"","theme-transparent-header-meta":"default","adv-header-id-meta":"","stick-header-meta":"","header-above-stick-meta":"","header-main-stick-meta":"","header-below-stick-meta":"","astra-migrate-meta-layouts":"set","ast-page-background-enabled":"default","ast-page-background-meta":{"desktop":{"background-color":"var(--ast-global-color-4)","background-image":"","background-repeat":"repeat","background-position":"center center","background-size":"auto","background-attachment":"scroll","background-type":"","background-media":"","overlay-type":"","overlay-color":"","overlay-opacity":"","overlay-gradient":""},"tablet":{"background-color":"","background-image":"","background-repeat":"repeat","background-position":"center center","background-size":"auto","background-attachment":"scroll","background-type":"","background-media":"","overlay-type":"","overlay-color":"","overlay-opacity":"","overlay-gradient":""},"mobile":{"background-color":"","background-image":"","background-repeat":"repeat","background-position":"center center","background-size":"auto","background-attachment":"scroll","background-type":"","background-media":"","overlay-type":"","overlay-color":"","overlay-opacity":"","overlay-gradient":""}},"ast-content-background-meta":{"desktop":{"background-color":"var(--ast-global-color-5)","background-image":"","background-repeat":"repeat","background-position":"center center","background-size":"auto","background-attachment":"scroll","background-type":"","background-media":"","overlay-type":"","overlay-color":"","overlay-opacity":"","overlay-gradient":""},"tablet":{"background-color":"var(--ast-global-color-5)","background-image":"","background-repeat":"repeat","background-position":"center center","background-size":"auto","background-attachment":"scroll","background-type":"","background-media":"","overlay-type":"","overlay-color":"","overlay-opacity":"","overlay-gradient":""},"mobile":{"background-color":"var(--ast-global-color-5)","background-image":"","background-repeat":"repeat","background-position":"center center","background-size":"auto","background-attachment":"scroll","background-type":"","background-media":"","overlay-type":"","overlay-color":"","overlay-opacity":"","overlay-gradient":""}}},"product_brand":[],"product_cat":[21],"product_tag":[],"class_list":{"0":"post-6037","1":"product","2":"type-product","3":"status-publish","4":"has-post-thumbnail","6":"product_cat-courses","7":"desktop-align-left","8":"tablet-align-left","9":"mobile-align-left","11":"first","12":"instock","13":"downloadable","14":"virtual","15":"purchasable","16":"product-type-simple"},"_links":{"self":[{"href":"https:\/\/oasishealingspot.com\/es\/wp-json\/wp\/v2\/product\/6037","targetHints":{"allow":["GET"]}}],"collection":[{"href":"https:\/\/oasishealingspot.com\/es\/wp-json\/wp\/v2\/product"}],"about":[{"href":"https:\/\/oasishealingspot.com\/es\/wp-json\/wp\/v2\/types\/product"}],"replies":[{"embeddable":true,"href":"https:\/\/oasishealingspot.com\/es\/wp-json\/wp\/v2\/comments?post=6037"}],"version-history":[{"count":38,"href":"https:\/\/oasishealingspot.com\/es\/wp-json\/wp\/v2\/product\/6037\/revisions"}],"predecessor-version":[{"id":6686,"href":"https:\/\/oasishealingspot.com\/es\/wp-json\/wp\/v2\/product\/6037\/revisions\/6686"}],"wp:featuredmedia":[{"embeddable":true,"href":"https:\/\/oasishealingspot.com\/es\/wp-json\/wp\/v2\/media\/6679"}],"wp:attachment":[{"href":"https:\/\/oasishealingspot.com\/es\/wp-json\/wp\/v2\/media?parent=6037"}],"wp:term":[{"taxonomy":"product_brand","embeddable":true,"href":"https:\/\/oasishealingspot.com\/es\/wp-json\/wp\/v2\/product_brand?post=6037"},{"taxonomy":"product_cat","embeddable":true,"href":"https:\/\/oasishealingspot.com\/es\/wp-json\/wp\/v2\/product_cat?post=6037"},{"taxonomy":"product_tag","embeddable":true,"href":"https:\/\/oasishealingspot.com\/es\/wp-json\/wp\/v2\/product_tag?post=6037"}],"curies":[{"name":"wp","href":"https:\/\/api.w.org\/{rel}","templated":true}]}}