{"id":6021,"date":"2025-02-26T18:12:21","date_gmt":"2025-02-26T23:12:21","guid":{"rendered":"https:\/\/oasishealingspot.com\/?post_type=product&#038;p=6021"},"modified":"2025-09-29T10:56:14","modified_gmt":"2025-09-29T14:56:14","slug":"noche-de-tarot-y-vinos","status":"publish","type":"product","link":"https:\/\/oasishealingspot.com\/es\/shop-2\/noche-de-tarot-y-vinos","title":{"rendered":"Noche de Tarot y Vinos"},"content":{"rendered":"<p>\ud83c\udf77\ud83c\udf42 Noche de Tarot &amp; Vinos \ud83c\udf42\ud83c\udf77<br \/>\nEl oto\u00f1o nos invita a soltar lo que ya no suma, igual que los \u00e1rboles dejan caer sus hojas para renovarse.<\/p>\n<p>En esta velada, el Tarot ser\u00e1 nuestro espejo para reconocer lo que es tiempo de liberar y lo que merece florecer en nuestro camino. El vino nos acompa\u00f1a como ritual de celebraci\u00f3n y apertura, creando un espacio \u00edntimo para compartir, reflexionar y disfrutar.<\/p>\n<p>Es una noche para dejar atr\u00e1s cargas, abrir el coraz\u00f3n y brindar por lo nuevo que viene.<\/p>\n<p>Donde: 5468 Hoffner Ave. Suite 508 Orlando FL<\/p>\n<p>Valor: $55 (Incluye Materiales y una copa de Vino)<\/p>","protected":false},"excerpt":{"rendered":"<p>\ud83c\udf77\ud83c\udf42 Noche de Tarot &amp; Vinos \ud83c\udf42\ud83c\udf77 El oto\u00f1o nos invita a soltar lo que ya no suma, igual que los \u00e1rboles dejan caer sus hojas para renovarse. En esta velada, el Tarot ser\u00e1 nuestro espejo para reconocer lo que es tiempo de liberar y lo que merece florecer en nuestro camino. El vino nos [&hellip;]<\/p>","protected":false},"featured_media":6497,"comment_status":"open","ping_status":"closed","template":"","meta":{"site-sidebar-layout":"default","site-content-layout":"default","ast-site-content-layout":"default","site-content-style":"default","site-sidebar-style":"default","ast-global-header-display":"","ast-banner-title-visibility":"","ast-main-header-display":"","ast-hfb-above-header-display":"","ast-hfb-below-header-display":"","ast-hfb-mobile-header-display":"","site-post-title":"","ast-breadcrumbs-content":"","ast-featured-img":"","footer-sml-layout":"","ast-disable-related-posts":"","theme-transparent-header-meta":"default","adv-header-id-meta":"","stick-header-meta":"","header-above-stick-meta":"","header-main-stick-meta":"","header-below-stick-meta":"","astra-migrate-meta-layouts":"set","ast-page-background-enabled":"default","ast-page-background-meta":{"desktop":{"background-color":"var(--ast-global-color-4)","background-image":"","background-repeat":"repeat","background-position":"center center","background-size":"auto","background-attachment":"scroll","background-type":"","background-media":"","overlay-type":"","overlay-color":"","overlay-opacity":"","overlay-gradient":""},"tablet":{"background-color":"","background-image":"","background-repeat":"repeat","background-position":"center center","background-size":"auto","background-attachment":"scroll","background-type":"","background-media":"","overlay-type":"","overlay-color":"","overlay-opacity":"","overlay-gradient":""},"mobile":{"background-color":"","background-image":"","background-repeat":"repeat","background-position":"center center","background-size":"auto","background-attachment":"scroll","background-type":"","background-media":"","overlay-type":"","overlay-color":"","overlay-opacity":"","overlay-gradient":""}},"ast-content-background-meta":{"desktop":{"background-color":"var(--ast-global-color-5)","background-image":"","background-repeat":"repeat","background-position":"center center","background-size":"auto","background-attachment":"scroll","background-type":"","background-media":"","overlay-type":"","overlay-color":"","overlay-opacity":"","overlay-gradient":""},"tablet":{"background-color":"var(--ast-global-color-5)","background-image":"","background-repeat":"repeat","background-position":"center center","background-size":"auto","background-attachment":"scroll","background-type":"","background-media":"","overlay-type":"","overlay-color":"","overlay-opacity":"","overlay-gradient":""},"mobile":{"background-color":"var(--ast-global-color-5)","background-image":"","background-repeat":"repeat","background-position":"center center","background-size":"auto","background-attachment":"scroll","background-type":"","background-media":"","overlay-type":"","overlay-color":"","overlay-opacity":"","overlay-gradient":""}}},"product_brand":[],"product_cat":[21],"product_tag":[],"class_list":{"0":"post-6021","1":"product","2":"type-product","3":"status-publish","4":"has-post-thumbnail","6":"product_cat-courses","7":"desktop-align-left","8":"tablet-align-left","9":"mobile-align-left","11":"first","12":"instock","13":"downloadable","14":"virtual","15":"purchasable","16":"product-type-simple"},"_links":{"self":[{"href":"https:\/\/oasishealingspot.com\/es\/wp-json\/wp\/v2\/product\/6021","targetHints":{"allow":["GET"]}}],"collection":[{"href":"https:\/\/oasishealingspot.com\/es\/wp-json\/wp\/v2\/product"}],"about":[{"href":"https:\/\/oasishealingspot.com\/es\/wp-json\/wp\/v2\/types\/product"}],"replies":[{"embeddable":true,"href":"https:\/\/oasishealingspot.com\/es\/wp-json\/wp\/v2\/comments?post=6021"}],"version-history":[{"count":6,"href":"https:\/\/oasishealingspot.com\/es\/wp-json\/wp\/v2\/product\/6021\/revisions"}],"predecessor-version":[{"id":6498,"href":"https:\/\/oasishealingspot.com\/es\/wp-json\/wp\/v2\/product\/6021\/revisions\/6498"}],"wp:featuredmedia":[{"embeddable":true,"href":"https:\/\/oasishealingspot.com\/es\/wp-json\/wp\/v2\/media\/6497"}],"wp:attachment":[{"href":"https:\/\/oasishealingspot.com\/es\/wp-json\/wp\/v2\/media?parent=6021"}],"wp:term":[{"taxonomy":"product_brand","embeddable":true,"href":"https:\/\/oasishealingspot.com\/es\/wp-json\/wp\/v2\/product_brand?post=6021"},{"taxonomy":"product_cat","embeddable":true,"href":"https:\/\/oasishealingspot.com\/es\/wp-json\/wp\/v2\/product_cat?post=6021"},{"taxonomy":"product_tag","embeddable":true,"href":"https:\/\/oasishealingspot.com\/es\/wp-json\/wp\/v2\/product_tag?post=6021"}],"curies":[{"name":"wp","href":"https:\/\/api.w.org\/{rel}","templated":true}]}}