{"id":6004,"date":"2025-02-26T17:49:59","date_gmt":"2025-02-26T22:49:59","guid":{"rendered":"https:\/\/oasishealingspot.com\/?post_type=product&#038;p=6004"},"modified":"2025-02-26T18:05:28","modified_gmt":"2025-02-26T23:05:28","slug":"taller-de-pendulo-y-radiestesia","status":"publish","type":"product","link":"https:\/\/oasishealingspot.com\/es\/shop-2\/taller-de-pendulo-y-radiestesia","title":{"rendered":"Taller de Pendulo y Radiestesia"},"content":{"rendered":"<div data-elementor-type=\"product-post\" data-elementor-id=\"6004\" class=\"elementor elementor-6004\">\n\t\t\t\t\t\t<section class=\"elementor-section elementor-top-section elementor-element elementor-element-75d9c65 elementor-section-boxed elementor-section-height-default elementor-section-height-default\" data-id=\"75d9c65\" data-element_type=\"section\">\n\t\t\t\t\t\t<div class=\"elementor-container elementor-column-gap-default\">\n\t\t\t\t\t<div class=\"elementor-column elementor-col-100 elementor-top-column elementor-element elementor-element-bdb5c49\" data-id=\"bdb5c49\" data-element_type=\"column\">\n\t\t\t<div class=\"elementor-widget-wrap elementor-element-populated\">\n\t\t\t\t\t\t<div class=\"elementor-element elementor-element-bf5b381 elementor-widget elementor-widget-text-editor\" data-id=\"bf5b381\" data-element_type=\"widget\" data-widget_type=\"text-editor.default\">\n\t\t\t\t<div class=\"elementor-widget-container\">\n\t\t\t\t\t\t\t\t\t<p>En este taller aprender\u00e1s a utilizar la Radiestesia y dos tipos de p\u00e9ndulos: el tradicional y el P\u00e9ndulo Hebreo, una poderosa herramienta de sanaci\u00f3n y reprogramaci\u00f3n energ\u00e9tica. \u2728<\/p><p>\ud83c\udf1f <strong>\u00bfQu\u00e9 aprender\u00e1s?<\/strong><\/p><ul><li>Radiestesia: qu\u00e9 es, c\u00f3mo funciona y c\u00f3mo aplicarla en tu vida.<\/li><li>C\u00f3mo elegir, limpiar y programar tu p\u00e9ndulo.<\/li><li>T\u00e9cnicas para obtener respuestas claras y precisas.<\/li><li>Aplicaciones del p\u00e9ndulo en sanaci\u00f3n y equilibrio energ\u00e9tico<\/li><li>Uso del p\u00e9ndulo en sanaci\u00f3n, limpieza de espacios y protecci\u00f3n energ\u00e9tica.<\/li><li>Uso del P\u00e9ndulo Hebreo: \u00bfQu\u00e9 es y c\u00f3mo funciona<\/li><li>Protocolos de limpieza, protecci\u00f3n y armonizaci\u00f3n con el P\u00e9ndulo Hebreo.<\/li><li>Aplicaciones en bienestar personal, desbloqueo energ\u00e9tico y limpieza de espacios.<\/li><\/ul><p>Cuando:<\/p><p>Marzo 15<br \/>Hora: 2:00pm-6:00pm<\/p><p>Marzo 16<br \/>Hora: 11:00am-2:00pm<\/p><p>Lugar: 5468 Hoffner Ave Suite 508\u00a0A distancia Via Zoom<\/p><p>Nota: No incluye los p\u00e9ndulos<\/p>\t\t\t\t\t\t\t\t<\/div>\n\t\t\t\t<\/div>\n\t\t\t\t\t<\/div>\n\t\t<\/div>\n\t\t\t\t\t<\/div>\n\t\t<\/section>\n\t\t\t\t<\/div>","protected":false},"excerpt":{"rendered":"<p>En este taller aprender\u00e1s a utilizar la Radiestesia y dos tipos de p\u00e9ndulos: el tradicional y el P\u00e9ndulo Hebreo, una poderosa herramienta de sanaci\u00f3n y reprogramaci\u00f3n energ\u00e9tica. \u2728 \ud83c\udf1f \u00bfQu\u00e9 aprender\u00e1s? Radiestesia: qu\u00e9 es, c\u00f3mo funciona y c\u00f3mo aplicarla en tu vida. C\u00f3mo elegir, limpiar y programar tu p\u00e9ndulo. T\u00e9cnicas para obtener respuestas claras y [&hellip;]<\/p>","protected":false},"featured_media":6007,"comment_status":"open","ping_status":"closed","template":"","meta":{"site-sidebar-layout":"default","site-content-layout":"default","ast-site-content-layout":"default","site-content-style":"default","site-sidebar-style":"default","ast-global-header-display":"","ast-banner-title-visibility":"","ast-main-header-display":"","ast-hfb-above-header-display":"","ast-hfb-below-header-display":"","ast-hfb-mobile-header-display":"","site-post-title":"","ast-breadcrumbs-content":"","ast-featured-img":"","footer-sml-layout":"","ast-disable-related-posts":"","theme-transparent-header-meta":"default","adv-header-id-meta":"","stick-header-meta":"","header-above-stick-meta":"","header-main-stick-meta":"","header-below-stick-meta":"","astra-migrate-meta-layouts":"set","ast-page-background-enabled":"default","ast-page-background-meta":{"desktop":{"background-color":"var(--ast-global-color-4)","background-image":"","background-repeat":"repeat","background-position":"center center","background-size":"auto","background-attachment":"scroll","background-type":"","background-media":"","overlay-type":"","overlay-color":"","overlay-opacity":"","overlay-gradient":""},"tablet":{"background-color":"","background-image":"","background-repeat":"repeat","background-position":"center center","background-size":"auto","background-attachment":"scroll","background-type":"","background-media":"","overlay-type":"","overlay-color":"","overlay-opacity":"","overlay-gradient":""},"mobile":{"background-color":"","background-image":"","background-repeat":"repeat","background-position":"center center","background-size":"auto","background-attachment":"scroll","background-type":"","background-media":"","overlay-type":"","overlay-color":"","overlay-opacity":"","overlay-gradient":""}},"ast-content-background-meta":{"desktop":{"background-color":"var(--ast-global-color-5)","background-image":"","background-repeat":"repeat","background-position":"center center","background-size":"auto","background-attachment":"scroll","background-type":"","background-media":"","overlay-type":"","overlay-color":"","overlay-opacity":"","overlay-gradient":""},"tablet":{"background-color":"var(--ast-global-color-5)","background-image":"","background-repeat":"repeat","background-position":"center center","background-size":"auto","background-attachment":"scroll","background-type":"","background-media":"","overlay-type":"","overlay-color":"","overlay-opacity":"","overlay-gradient":""},"mobile":{"background-color":"var(--ast-global-color-5)","background-image":"","background-repeat":"repeat","background-position":"center center","background-size":"auto","background-attachment":"scroll","background-type":"","background-media":"","overlay-type":"","overlay-color":"","overlay-opacity":"","overlay-gradient":""}}},"product_brand":[],"product_cat":[21],"product_tag":[],"class_list":{"0":"post-6004","1":"product","2":"type-product","3":"status-publish","4":"has-post-thumbnail","6":"product_cat-courses","7":"desktop-align-left","8":"tablet-align-left","9":"mobile-align-left","11":"first","12":"instock","13":"downloadable","14":"virtual","15":"purchasable","16":"product-type-simple"},"_links":{"self":[{"href":"https:\/\/oasishealingspot.com\/es\/wp-json\/wp\/v2\/product\/6004","targetHints":{"allow":["GET"]}}],"collection":[{"href":"https:\/\/oasishealingspot.com\/es\/wp-json\/wp\/v2\/product"}],"about":[{"href":"https:\/\/oasishealingspot.com\/es\/wp-json\/wp\/v2\/types\/product"}],"replies":[{"embeddable":true,"href":"https:\/\/oasishealingspot.com\/es\/wp-json\/wp\/v2\/comments?post=6004"}],"version-history":[{"count":6,"href":"https:\/\/oasishealingspot.com\/es\/wp-json\/wp\/v2\/product\/6004\/revisions"}],"predecessor-version":[{"id":6020,"href":"https:\/\/oasishealingspot.com\/es\/wp-json\/wp\/v2\/product\/6004\/revisions\/6020"}],"wp:featuredmedia":[{"embeddable":true,"href":"https:\/\/oasishealingspot.com\/es\/wp-json\/wp\/v2\/media\/6007"}],"wp:attachment":[{"href":"https:\/\/oasishealingspot.com\/es\/wp-json\/wp\/v2\/media?parent=6004"}],"wp:term":[{"taxonomy":"product_brand","embeddable":true,"href":"https:\/\/oasishealingspot.com\/es\/wp-json\/wp\/v2\/product_brand?post=6004"},{"taxonomy":"product_cat","embeddable":true,"href":"https:\/\/oasishealingspot.com\/es\/wp-json\/wp\/v2\/product_cat?post=6004"},{"taxonomy":"product_tag","embeddable":true,"href":"https:\/\/oasishealingspot.com\/es\/wp-json\/wp\/v2\/product_tag?post=6004"}],"curies":[{"name":"wp","href":"https:\/\/api.w.org\/{rel}","templated":true}]}}