{"id":5889,"date":"2025-02-08T10:15:22","date_gmt":"2025-02-08T14:15:22","guid":{"rendered":"https:\/\/oasishealingspot.com\/?post_type=product&#038;p=5889"},"modified":"2025-02-08T10:32:15","modified_gmt":"2025-02-08T14:32:15","slug":"taller-sanando-con-el-arcangel-chamuel","status":"publish","type":"product","link":"https:\/\/oasishealingspot.com\/es\/shop-2\/taller-sanando-con-el-arcangel-chamuel","title":{"rendered":"Taller: Sanando con El Arcangel Chamuel"},"content":{"rendered":"<div data-elementor-type=\"product-post\" data-elementor-id=\"5889\" class=\"elementor elementor-5889\">\n\t\t\t\t\t\t<section class=\"elementor-section elementor-top-section elementor-element elementor-element-bb55393 elementor-section-boxed elementor-section-height-default elementor-section-height-default\" data-id=\"bb55393\" data-element_type=\"section\">\n\t\t\t\t\t\t<div class=\"elementor-container elementor-column-gap-default\">\n\t\t\t\t\t<div class=\"elementor-column elementor-col-100 elementor-top-column elementor-element elementor-element-4c558f4\" data-id=\"4c558f4\" data-element_type=\"column\">\n\t\t\t<div class=\"elementor-widget-wrap elementor-element-populated\">\n\t\t\t\t\t\t<div class=\"elementor-element elementor-element-6534b61b elementor-widget elementor-widget-text-editor\" data-id=\"6534b61b\" data-element_type=\"widget\" data-widget_type=\"text-editor.default\">\n\t\t\t\t<div class=\"elementor-widget-container\">\n\t\t\t\t\t\t\t\t\t<p>En este taller vamos a descubrir una de las muchas maneras de conectarnos con la energ\u00eda del Arc\u00e1ngel Chamuel a trav\u00e9s de la energ\u00eda mas poderosa que existe en el universo que es el Amor.<\/p><p>La energ\u00eda del Arc\u00e1ngel Chamuel, es una energ\u00eda hermosa, de amor, compasi\u00f3n, comprensi\u00f3n. <br \/>Aprender\u00e1s a conocer al Arcangel Chamuel, sus caracter\u00edsticas y como acceder su energ\u00eda para acceder y aplicarlas en tu d\u00eda a d\u00eda. En adici\u00f3n, a conectar con el amor propio.<br \/>Cuando: <br \/>Febrero 23 2025<br \/>Horario:<br \/>11:00 a 2:00 pm<br \/>Donde: Orlando FL<br \/>Valor: $77<\/p><p><span style=\"font-family: var( --e-global-typography-text-font-family ), Sans-serif; font-size: 16px; -webkit-text-size-adjust: 100%;\"><br \/>**Toda entrada es final. De no asistir no se reembolsar\u00e1 dinero**<\/span><\/p>\t\t\t\t\t\t\t\t<\/div>\n\t\t\t\t<\/div>\n\t\t\t\t\t<\/div>\n\t\t<\/div>\n\t\t\t\t\t<\/div>\n\t\t<\/section>\n\t\t\t\t<\/div>","protected":false},"excerpt":{"rendered":"<p>En este taller vamos a descubrir una de las muchas maneras de conectarnos con la energ\u00eda del Arc\u00e1ngel Chamuel a trav\u00e9s de la energ\u00eda mas poderosa que existe en el universo que es el Amor. La energ\u00eda del Arc\u00e1ngel Chamuel, es una energ\u00eda hermosa, de amor, compasi\u00f3n, comprensi\u00f3n. Aprender\u00e1s a conocer al Arcangel Chamuel, sus [&hellip;]<\/p>","protected":false},"featured_media":5891,"comment_status":"open","ping_status":"closed","template":"","meta":{"site-sidebar-layout":"default","site-content-layout":"default","ast-site-content-layout":"default","site-content-style":"default","site-sidebar-style":"default","ast-global-header-display":"","ast-banner-title-visibility":"","ast-main-header-display":"","ast-hfb-above-header-display":"","ast-hfb-below-header-display":"","ast-hfb-mobile-header-display":"","site-post-title":"","ast-breadcrumbs-content":"","ast-featured-img":"","footer-sml-layout":"","ast-disable-related-posts":"","theme-transparent-header-meta":"default","adv-header-id-meta":"","stick-header-meta":"","header-above-stick-meta":"","header-main-stick-meta":"","header-below-stick-meta":"","astra-migrate-meta-layouts":"set","ast-page-background-enabled":"default","ast-page-background-meta":{"desktop":{"background-color":"var(--ast-global-color-4)","background-image":"","background-repeat":"repeat","background-position":"center center","background-size":"auto","background-attachment":"scroll","background-type":"","background-media":"","overlay-type":"","overlay-color":"","overlay-opacity":"","overlay-gradient":""},"tablet":{"background-color":"","background-image":"","background-repeat":"repeat","background-position":"center center","background-size":"auto","background-attachment":"scroll","background-type":"","background-media":"","overlay-type":"","overlay-color":"","overlay-opacity":"","overlay-gradient":""},"mobile":{"background-color":"","background-image":"","background-repeat":"repeat","background-position":"center center","background-size":"auto","background-attachment":"scroll","background-type":"","background-media":"","overlay-type":"","overlay-color":"","overlay-opacity":"","overlay-gradient":""}},"ast-content-background-meta":{"desktop":{"background-color":"var(--ast-global-color-5)","background-image":"","background-repeat":"repeat","background-position":"center center","background-size":"auto","background-attachment":"scroll","background-type":"","background-media":"","overlay-type":"","overlay-color":"","overlay-opacity":"","overlay-gradient":""},"tablet":{"background-color":"var(--ast-global-color-5)","background-image":"","background-repeat":"repeat","background-position":"center center","background-size":"auto","background-attachment":"scroll","background-type":"","background-media":"","overlay-type":"","overlay-color":"","overlay-opacity":"","overlay-gradient":""},"mobile":{"background-color":"var(--ast-global-color-5)","background-image":"","background-repeat":"repeat","background-position":"center center","background-size":"auto","background-attachment":"scroll","background-type":"","background-media":"","overlay-type":"","overlay-color":"","overlay-opacity":"","overlay-gradient":""}}},"product_brand":[],"product_cat":[21],"product_tag":[],"class_list":{"0":"post-5889","1":"product","2":"type-product","3":"status-publish","4":"has-post-thumbnail","6":"product_cat-courses","7":"desktop-align-left","8":"tablet-align-left","9":"mobile-align-left","11":"first","12":"instock","13":"downloadable","14":"virtual","15":"purchasable","16":"product-type-simple"},"_links":{"self":[{"href":"https:\/\/oasishealingspot.com\/es\/wp-json\/wp\/v2\/product\/5889","targetHints":{"allow":["GET"]}}],"collection":[{"href":"https:\/\/oasishealingspot.com\/es\/wp-json\/wp\/v2\/product"}],"about":[{"href":"https:\/\/oasishealingspot.com\/es\/wp-json\/wp\/v2\/types\/product"}],"replies":[{"embeddable":true,"href":"https:\/\/oasishealingspot.com\/es\/wp-json\/wp\/v2\/comments?post=5889"}],"version-history":[{"count":6,"href":"https:\/\/oasishealingspot.com\/es\/wp-json\/wp\/v2\/product\/5889\/revisions"}],"predecessor-version":[{"id":5897,"href":"https:\/\/oasishealingspot.com\/es\/wp-json\/wp\/v2\/product\/5889\/revisions\/5897"}],"wp:featuredmedia":[{"embeddable":true,"href":"https:\/\/oasishealingspot.com\/es\/wp-json\/wp\/v2\/media\/5891"}],"wp:attachment":[{"href":"https:\/\/oasishealingspot.com\/es\/wp-json\/wp\/v2\/media?parent=5889"}],"wp:term":[{"taxonomy":"product_brand","embeddable":true,"href":"https:\/\/oasishealingspot.com\/es\/wp-json\/wp\/v2\/product_brand?post=5889"},{"taxonomy":"product_cat","embeddable":true,"href":"https:\/\/oasishealingspot.com\/es\/wp-json\/wp\/v2\/product_cat?post=5889"},{"taxonomy":"product_tag","embeddable":true,"href":"https:\/\/oasishealingspot.com\/es\/wp-json\/wp\/v2\/product_tag?post=5889"}],"curies":[{"name":"wp","href":"https:\/\/api.w.org\/{rel}","templated":true}]}}