{"id":5819,"date":"2025-01-21T11:02:48","date_gmt":"2025-01-21T15:02:48","guid":{"rendered":"https:\/\/oasishealingspot.com\/?post_type=product&#038;p=5819"},"modified":"2026-02-04T09:52:06","modified_gmt":"2026-02-04T14:52:06","slug":"taller-runas-vikingas","status":"publish","type":"product","link":"https:\/\/oasishealingspot.com\/es\/shop-2\/taller-runas-vikingas","title":{"rendered":"Taller de Runas Vikingas"},"content":{"rendered":"<p>Taller: Runas Vikingas<\/p>\n<p>Experto en Runas!!<\/p>\n<p>Las Runas Vikingas estan compuestas por s\u00edmbolos, que cuentan con un gran poder energ\u00e9tico, por lo que son utilizadas como un m\u00e9todo de adivinaci\u00f3n, que a pesar de que dan respuestas, te pueden orientar y dar consejos.<\/p>\n<p>Las Runas Vikingas te ayudan a transmitir mensajes, te permiten comprender, las razones de algo que te est\u00e1 pasando, a comprender en s\u00ed el significado de tu vida y te da una orientaci\u00f3n para que puedas decidir el camino que es mejor para seguir, para tomar alguna decisi\u00f3n importante o ayudarte en lo largo de tu vida.<\/p>\n<p>Aprenderas:<\/p>\n<p>Las Runas, los Dioses y su Historia.<\/p>\n<p>El alfabeto completo Futhorc su aplicaci\u00f3n predictiva y evolutiva.<\/p>\n<p>Realizar lecturas\u00a0 y sus combinaciones interpretativas.<\/p>\n<p>6 Clases de 2hrs c\/u<\/p>\n<p>Se incluye manual\u00a0y\u00a0ejercicios.<\/p>\n<p>Cuando: Comenzando el 28 de febrero 2026<\/p>\n<p>Lugar: Orlando FL<\/p>\n<p>Online Via Zoom<\/p>\n<p>Taller solo en Espa\u00f1ol. Toda venta es final.<\/p>","protected":false},"excerpt":{"rendered":"<p>Taller: Runas Vikingas Experto en Runas!! Las Runas Vikingas estan compuestas por s\u00edmbolos, que cuentan con un gran poder energ\u00e9tico, por lo que son utilizadas como un m\u00e9todo de adivinaci\u00f3n, que a pesar de que dan respuestas, te pueden orientar y dar consejos. Las Runas Vikingas te ayudan a transmitir mensajes, te permiten comprender, las [&hellip;]<\/p>","protected":false},"featured_media":6655,"comment_status":"open","ping_status":"closed","template":"","meta":{"site-sidebar-layout":"default","site-content-layout":"default","ast-site-content-layout":"default","site-content-style":"default","site-sidebar-style":"default","ast-global-header-display":"","ast-banner-title-visibility":"","ast-main-header-display":"","ast-hfb-above-header-display":"","ast-hfb-below-header-display":"","ast-hfb-mobile-header-display":"","site-post-title":"","ast-breadcrumbs-content":"","ast-featured-img":"","footer-sml-layout":"","ast-disable-related-posts":"","theme-transparent-header-meta":"default","adv-header-id-meta":"","stick-header-meta":"","header-above-stick-meta":"","header-main-stick-meta":"","header-below-stick-meta":"","astra-migrate-meta-layouts":"set","ast-page-background-enabled":"default","ast-page-background-meta":{"desktop":{"background-color":"var(--ast-global-color-4)","background-image":"","background-repeat":"repeat","background-position":"center center","background-size":"auto","background-attachment":"scroll","background-type":"","background-media":"","overlay-type":"","overlay-color":"","overlay-opacity":"","overlay-gradient":""},"tablet":{"background-color":"","background-image":"","background-repeat":"repeat","background-position":"center center","background-size":"auto","background-attachment":"scroll","background-type":"","background-media":"","overlay-type":"","overlay-color":"","overlay-opacity":"","overlay-gradient":""},"mobile":{"background-color":"","background-image":"","background-repeat":"repeat","background-position":"center center","background-size":"auto","background-attachment":"scroll","background-type":"","background-media":"","overlay-type":"","overlay-color":"","overlay-opacity":"","overlay-gradient":""}},"ast-content-background-meta":{"desktop":{"background-color":"var(--ast-global-color-5)","background-image":"","background-repeat":"repeat","background-position":"center center","background-size":"auto","background-attachment":"scroll","background-type":"","background-media":"","overlay-type":"","overlay-color":"","overlay-opacity":"","overlay-gradient":""},"tablet":{"background-color":"var(--ast-global-color-5)","background-image":"","background-repeat":"repeat","background-position":"center center","background-size":"auto","background-attachment":"scroll","background-type":"","background-media":"","overlay-type":"","overlay-color":"","overlay-opacity":"","overlay-gradient":""},"mobile":{"background-color":"var(--ast-global-color-5)","background-image":"","background-repeat":"repeat","background-position":"center center","background-size":"auto","background-attachment":"scroll","background-type":"","background-media":"","overlay-type":"","overlay-color":"","overlay-opacity":"","overlay-gradient":""}}},"product_brand":[],"product_cat":[21],"product_tag":[],"class_list":{"0":"post-5819","1":"product","2":"type-product","3":"status-publish","4":"has-post-thumbnail","6":"product_cat-courses","7":"desktop-align-left","8":"tablet-align-left","9":"mobile-align-left","11":"first","12":"instock","13":"downloadable","14":"virtual","15":"purchasable","16":"product-type-simple"},"_links":{"self":[{"href":"https:\/\/oasishealingspot.com\/es\/wp-json\/wp\/v2\/product\/5819","targetHints":{"allow":["GET"]}}],"collection":[{"href":"https:\/\/oasishealingspot.com\/es\/wp-json\/wp\/v2\/product"}],"about":[{"href":"https:\/\/oasishealingspot.com\/es\/wp-json\/wp\/v2\/types\/product"}],"replies":[{"embeddable":true,"href":"https:\/\/oasishealingspot.com\/es\/wp-json\/wp\/v2\/comments?post=5819"}],"version-history":[{"count":2,"href":"https:\/\/oasishealingspot.com\/es\/wp-json\/wp\/v2\/product\/5819\/revisions"}],"predecessor-version":[{"id":6616,"href":"https:\/\/oasishealingspot.com\/es\/wp-json\/wp\/v2\/product\/5819\/revisions\/6616"}],"wp:featuredmedia":[{"embeddable":true,"href":"https:\/\/oasishealingspot.com\/es\/wp-json\/wp\/v2\/media\/6655"}],"wp:attachment":[{"href":"https:\/\/oasishealingspot.com\/es\/wp-json\/wp\/v2\/media?parent=5819"}],"wp:term":[{"taxonomy":"product_brand","embeddable":true,"href":"https:\/\/oasishealingspot.com\/es\/wp-json\/wp\/v2\/product_brand?post=5819"},{"taxonomy":"product_cat","embeddable":true,"href":"https:\/\/oasishealingspot.com\/es\/wp-json\/wp\/v2\/product_cat?post=5819"},{"taxonomy":"product_tag","embeddable":true,"href":"https:\/\/oasishealingspot.com\/es\/wp-json\/wp\/v2\/product_tag?post=5819"}],"curies":[{"name":"wp","href":"https:\/\/api.w.org\/{rel}","templated":true}]}}