{"id":5480,"date":"2024-05-07T19:32:15","date_gmt":"2024-05-07T23:32:15","guid":{"rendered":"https:\/\/oasishealingspot.com\/?post_type=product&#038;p=5480"},"modified":"2025-02-26T16:41:52","modified_gmt":"2025-02-26T21:41:52","slug":"tarot-workshop-learn-the-basics","status":"publish","type":"product","link":"https:\/\/oasishealingspot.com\/es\/shop-2\/tarot-workshop-learn-the-basics","title":{"rendered":"Tarot Workshop: Learn the Basics"},"content":{"rendered":"<p>A petici\u00f3n popular y por \u00fanica vez estaremos compartiendo un Workshop Introductorio de Tarot.<\/p>\n<p>TAROT \u2022 Aprende las bases<br \/>\n\u2728 workshop Intuitivo \u2728<\/p>\n<p>Este taller esta creado con la finalidad de brindar una aproximaci\u00f3n al Tarot desde las bases de una buena interpretaci\u00f3n integrando la intuici\u00f3n y creatividad. Un taller de 4hrs donde, a trav\u00e9s de la teor\u00eda y espacios de pr\u00e1cticos, podr\u00e1s conectar con la magia de las cartas, conociendo los fundamentos b\u00e1sicos desde los mazos de Marsella y Rider Waite para el inicio de tu pr\u00e1ctica profesional o personal. Temas a desarrollar:<\/p>\n<p>\ud83d\udcdcMirada a la Historia<br \/>\n\ud83d\udcabConceptos y Bases de la Interpretaci\u00f3n<br \/>\n\ud83d\udd2eConectar con las sensaciones<br \/>\n\ud83e\uddd8\u200d\u2640\ufe0fEl Tarot, la Meditaci\u00f3n y el Arte<br \/>\n\ud83c\udf2c\ufe0fEl camino de la vida a trav\u00e9s de el Tarot<br \/>\n\ud83d\udd25La energ\u00eda de los 4 palos<br \/>\n\ud83e\uddd9\u200d\u2640\ufe0fPr\u00e1cticas de Auto Lecturas<br \/>\n\u2696\ufe0fCodigo de Etica del Tarotista<\/p>\n<p>Cuando: Marzo 16<br \/>\nHora: 2:00pm-6:00pm<br \/>\nLugar: 5468 Hoffner Ave Suite 508 <span style=\"font-size: 16px; -webkit-text-size-adjust: 100%;\">A distancia Via Zoom<\/span><\/p>\n<p>Taller para todos los niveles.<\/p>\n<p>Taller solo en Espanol.<\/p>","protected":false},"excerpt":{"rendered":"<p>A petici\u00f3n popular y por \u00fanica vez estaremos compartiendo un Workshop Introductorio de Tarot. TAROT \u2022 Aprende las bases \u2728 workshop Intuitivo \u2728 Este taller esta creado con la finalidad de brindar una aproximaci\u00f3n al Tarot desde las bases de una buena interpretaci\u00f3n integrando la intuici\u00f3n y creatividad. Un taller de 4hrs donde, a trav\u00e9s [&hellip;]<\/p>","protected":false},"featured_media":5565,"comment_status":"open","ping_status":"closed","template":"","meta":{"site-sidebar-layout":"default","site-content-layout":"default","ast-site-content-layout":"default","site-content-style":"default","site-sidebar-style":"default","ast-global-header-display":"","ast-banner-title-visibility":"","ast-main-header-display":"","ast-hfb-above-header-display":"","ast-hfb-below-header-display":"","ast-hfb-mobile-header-display":"","site-post-title":"","ast-breadcrumbs-content":"","ast-featured-img":"","footer-sml-layout":"","ast-disable-related-posts":"","theme-transparent-header-meta":"default","adv-header-id-meta":"","stick-header-meta":"","header-above-stick-meta":"","header-main-stick-meta":"","header-below-stick-meta":"","astra-migrate-meta-layouts":"set","ast-page-background-enabled":"default","ast-page-background-meta":{"desktop":{"background-color":"var(--ast-global-color-4)","background-image":"","background-repeat":"repeat","background-position":"center center","background-size":"auto","background-attachment":"scroll","background-type":"","background-media":"","overlay-type":"","overlay-color":"","overlay-opacity":"","overlay-gradient":""},"tablet":{"background-color":"","background-image":"","background-repeat":"repeat","background-position":"center center","background-size":"auto","background-attachment":"scroll","background-type":"","background-media":"","overlay-type":"","overlay-color":"","overlay-opacity":"","overlay-gradient":""},"mobile":{"background-color":"","background-image":"","background-repeat":"repeat","background-position":"center center","background-size":"auto","background-attachment":"scroll","background-type":"","background-media":"","overlay-type":"","overlay-color":"","overlay-opacity":"","overlay-gradient":""}},"ast-content-background-meta":{"desktop":{"background-color":"var(--ast-global-color-5)","background-image":"","background-repeat":"repeat","background-position":"center center","background-size":"auto","background-attachment":"scroll","background-type":"","background-media":"","overlay-type":"","overlay-color":"","overlay-opacity":"","overlay-gradient":""},"tablet":{"background-color":"var(--ast-global-color-5)","background-image":"","background-repeat":"repeat","background-position":"center center","background-size":"auto","background-attachment":"scroll","background-type":"","background-media":"","overlay-type":"","overlay-color":"","overlay-opacity":"","overlay-gradient":""},"mobile":{"background-color":"var(--ast-global-color-5)","background-image":"","background-repeat":"repeat","background-position":"center center","background-size":"auto","background-attachment":"scroll","background-type":"","background-media":"","overlay-type":"","overlay-color":"","overlay-opacity":"","overlay-gradient":""}}},"product_brand":[],"product_cat":[21],"product_tag":[],"class_list":{"0":"post-5480","1":"product","2":"type-product","3":"status-publish","4":"has-post-thumbnail","6":"product_cat-courses","7":"desktop-align-left","8":"tablet-align-left","9":"mobile-align-left","11":"first","12":"instock","13":"downloadable","14":"virtual","15":"purchasable","16":"product-type-simple"},"_links":{"self":[{"href":"https:\/\/oasishealingspot.com\/es\/wp-json\/wp\/v2\/product\/5480","targetHints":{"allow":["GET"]}}],"collection":[{"href":"https:\/\/oasishealingspot.com\/es\/wp-json\/wp\/v2\/product"}],"about":[{"href":"https:\/\/oasishealingspot.com\/es\/wp-json\/wp\/v2\/types\/product"}],"replies":[{"embeddable":true,"href":"https:\/\/oasishealingspot.com\/es\/wp-json\/wp\/v2\/comments?post=5480"}],"version-history":[{"count":6,"href":"https:\/\/oasishealingspot.com\/es\/wp-json\/wp\/v2\/product\/5480\/revisions"}],"predecessor-version":[{"id":5994,"href":"https:\/\/oasishealingspot.com\/es\/wp-json\/wp\/v2\/product\/5480\/revisions\/5994"}],"wp:featuredmedia":[{"embeddable":true,"href":"https:\/\/oasishealingspot.com\/es\/wp-json\/wp\/v2\/media\/5565"}],"wp:attachment":[{"href":"https:\/\/oasishealingspot.com\/es\/wp-json\/wp\/v2\/media?parent=5480"}],"wp:term":[{"taxonomy":"product_brand","embeddable":true,"href":"https:\/\/oasishealingspot.com\/es\/wp-json\/wp\/v2\/product_brand?post=5480"},{"taxonomy":"product_cat","embeddable":true,"href":"https:\/\/oasishealingspot.com\/es\/wp-json\/wp\/v2\/product_cat?post=5480"},{"taxonomy":"product_tag","embeddable":true,"href":"https:\/\/oasishealingspot.com\/es\/wp-json\/wp\/v2\/product_tag?post=5480"}],"curies":[{"name":"wp","href":"https:\/\/api.w.org\/{rel}","templated":true}]}}