{"id":4415,"date":"2024-01-03T03:30:21","date_gmt":"2024-01-03T03:30:21","guid":{"rendered":"https:\/\/oasishealingspot.com\/?post_type=product&#038;p=4415"},"modified":"2024-02-25T11:29:43","modified_gmt":"2024-02-25T16:29:43","slug":"shell-pearl-necklace-pendant","status":"publish","type":"product","link":"https:\/\/oasishealingspot.com\/es\/shop-2\/shell-pearl-necklace-pendant","title":{"rendered":"Colgante de N\u00e1car"},"content":{"rendered":"<div data-elementor-type=\"product-post\" data-elementor-id=\"4415\" class=\"elementor elementor-4415\">\n\t\t\t\t\t\t<section class=\"elementor-section elementor-top-section elementor-element elementor-element-b26a988 elementor-section-boxed elementor-section-height-default elementor-section-height-default\" data-id=\"b26a988\" data-element_type=\"section\">\n\t\t\t\t\t\t<div class=\"elementor-container elementor-column-gap-default\">\n\t\t\t\t\t<div class=\"elementor-column elementor-col-100 elementor-top-column elementor-element elementor-element-9a873bf\" data-id=\"9a873bf\" data-element_type=\"column\">\n\t\t\t<div class=\"elementor-widget-wrap elementor-element-populated\">\n\t\t\t\t\t\t<div class=\"elementor-element elementor-element-22a3783 elementor-widget elementor-widget-text-editor\" data-id=\"22a3783\" data-element_type=\"widget\" data-widget_type=\"text-editor.default\">\n\t\t\t\t<div class=\"elementor-widget-container\">\n\t\t\t\t\t\t\t\t\t<p>Ba\u00f1o en Oro 18K<\/p><p>Colgante de N\u00e1car<\/p><p>Hermosa pieza para tu colecci\u00f3n\u00a0<\/p><p>La concha de n\u00e1car ofrece una protecci\u00f3n maternal y calmante contra la energ\u00eda negativa. Debido a esto, la concha de n\u00e1car es una piedra preciosa curativa con cristales recomendada para los ni\u00f1os. La concha de n\u00e1car activa el chakra del plexo solar y el chakra de la garganta.<\/p><p><span style=\"color: var( --e-global-color-text ); font-style: inherit; font-weight: inherit;\">Cadena incluida<\/span><\/p><p>\u00a0<\/p><p>Hecho a mano. Pieza puede variar en color y forma.<\/p>\t\t\t\t\t\t\t\t<\/div>\n\t\t\t\t<\/div>\n\t\t\t\t\t<\/div>\n\t\t<\/div>\n\t\t\t\t\t<\/div>\n\t\t<\/section>\n\t\t\t\t<\/div>","protected":false},"excerpt":{"rendered":"<p>Material: Gold Plated 18K Shell Pearl Necklace Pendant This a beautiful piece to have. It is believed that mother-of-pearl shell offers soothing,\u00a0motherly protection from negative energy. Due to this, mother-of-pearl\u00a0shell is a recommended crystal healing gemstone for children. Mother-of-pearl\u00a0shell activate on the Solar Plexus Chakra as well as the Throat Chakra. Chain is included Handcrafted. [&hellip;]<\/p>","protected":false},"featured_media":4416,"comment_status":"open","ping_status":"closed","template":"","meta":{"site-sidebar-layout":"default","site-content-layout":"default","ast-site-content-layout":"default","site-content-style":"default","site-sidebar-style":"default","ast-global-header-display":"","ast-banner-title-visibility":"","ast-main-header-display":"","ast-hfb-above-header-display":"","ast-hfb-below-header-display":"","ast-hfb-mobile-header-display":"","site-post-title":"","ast-breadcrumbs-content":"","ast-featured-img":"","footer-sml-layout":"","ast-disable-related-posts":"","theme-transparent-header-meta":"default","adv-header-id-meta":"","stick-header-meta":"","header-above-stick-meta":"","header-main-stick-meta":"","header-below-stick-meta":"","astra-migrate-meta-layouts":"set","ast-page-background-enabled":"default","ast-page-background-meta":{"desktop":{"background-color":"var(--ast-global-color-4)","background-image":"","background-repeat":"repeat","background-position":"center center","background-size":"auto","background-attachment":"scroll","background-type":"","background-media":"","overlay-type":"","overlay-color":"","overlay-opacity":"","overlay-gradient":""},"tablet":{"background-color":"","background-image":"","background-repeat":"repeat","background-position":"center center","background-size":"auto","background-attachment":"scroll","background-type":"","background-media":"","overlay-type":"","overlay-color":"","overlay-opacity":"","overlay-gradient":""},"mobile":{"background-color":"","background-image":"","background-repeat":"repeat","background-position":"center center","background-size":"auto","background-attachment":"scroll","background-type":"","background-media":"","overlay-type":"","overlay-color":"","overlay-opacity":"","overlay-gradient":""}},"ast-content-background-meta":{"desktop":{"background-color":"var(--ast-global-color-5)","background-image":"","background-repeat":"repeat","background-position":"center center","background-size":"auto","background-attachment":"scroll","background-type":"","background-media":"","overlay-type":"","overlay-color":"","overlay-opacity":"","overlay-gradient":""},"tablet":{"background-color":"var(--ast-global-color-5)","background-image":"","background-repeat":"repeat","background-position":"center center","background-size":"auto","background-attachment":"scroll","background-type":"","background-media":"","overlay-type":"","overlay-color":"","overlay-opacity":"","overlay-gradient":""},"mobile":{"background-color":"var(--ast-global-color-5)","background-image":"","background-repeat":"repeat","background-position":"center center","background-size":"auto","background-attachment":"scroll","background-type":"","background-media":"","overlay-type":"","overlay-color":"","overlay-opacity":"","overlay-gradient":""}}},"product_brand":[],"product_cat":[63,65],"product_tag":[38],"class_list":{"0":"post-4415","1":"product","2":"type-product","3":"status-publish","4":"has-post-thumbnail","6":"product_cat-jewelry","7":"product_cat-pendants-and-necklace","8":"product_tag-shop","9":"desktop-align-left","10":"tablet-align-left","11":"mobile-align-left","13":"first","14":"outofstock","15":"taxable","16":"shipping-taxable","17":"purchasable","18":"product-type-simple"},"_links":{"self":[{"href":"https:\/\/oasishealingspot.com\/es\/wp-json\/wp\/v2\/product\/4415","targetHints":{"allow":["GET"]}}],"collection":[{"href":"https:\/\/oasishealingspot.com\/es\/wp-json\/wp\/v2\/product"}],"about":[{"href":"https:\/\/oasishealingspot.com\/es\/wp-json\/wp\/v2\/types\/product"}],"replies":[{"embeddable":true,"href":"https:\/\/oasishealingspot.com\/es\/wp-json\/wp\/v2\/comments?post=4415"}],"version-history":[{"count":5,"href":"https:\/\/oasishealingspot.com\/es\/wp-json\/wp\/v2\/product\/4415\/revisions"}],"predecessor-version":[{"id":4435,"href":"https:\/\/oasishealingspot.com\/es\/wp-json\/wp\/v2\/product\/4415\/revisions\/4435"}],"wp:featuredmedia":[{"embeddable":true,"href":"https:\/\/oasishealingspot.com\/es\/wp-json\/wp\/v2\/media\/4416"}],"wp:attachment":[{"href":"https:\/\/oasishealingspot.com\/es\/wp-json\/wp\/v2\/media?parent=4415"}],"wp:term":[{"taxonomy":"product_brand","embeddable":true,"href":"https:\/\/oasishealingspot.com\/es\/wp-json\/wp\/v2\/product_brand?post=4415"},{"taxonomy":"product_cat","embeddable":true,"href":"https:\/\/oasishealingspot.com\/es\/wp-json\/wp\/v2\/product_cat?post=4415"},{"taxonomy":"product_tag","embeddable":true,"href":"https:\/\/oasishealingspot.com\/es\/wp-json\/wp\/v2\/product_tag?post=4415"}],"curies":[{"name":"wp","href":"https:\/\/api.w.org\/{rel}","templated":true}]}}