{"id":3666,"date":"2023-10-02T18:05:15","date_gmt":"2023-10-02T18:05:15","guid":{"rendered":"https:\/\/oasishealingspot.com\/?post_type=product&#038;p=3666"},"modified":"2025-03-01T15:38:42","modified_gmt":"2025-03-01T20:38:42","slug":"13th-munay-ki-rite-of-the-womb","status":"publish","type":"product","link":"https:\/\/oasishealingspot.com\/es\/shop-2\/13th-munay-ki-rite-of-the-womb","title":{"rendered":"Rito del Utero Munay-Ki 13vo"},"content":{"rendered":"<div data-elementor-type=\"product-post\" data-elementor-id=\"3666\" class=\"elementor elementor-3666\">\n\t\t\t\t\t\t<section class=\"elementor-section elementor-top-section elementor-element elementor-element-9db71d5 elementor-section-boxed elementor-section-height-default elementor-section-height-default\" data-id=\"9db71d5\" data-element_type=\"section\">\n\t\t\t\t\t\t<div class=\"elementor-container elementor-column-gap-default\">\n\t\t\t\t\t<div class=\"elementor-column elementor-col-100 elementor-top-column elementor-element elementor-element-6e4addf\" data-id=\"6e4addf\" data-element_type=\"column\">\n\t\t\t<div class=\"elementor-widget-wrap elementor-element-populated\">\n\t\t\t\t\t\t<div class=\"elementor-element elementor-element-e8d8866 elementor-widget elementor-widget-text-editor\" data-id=\"e8d8866\" data-element_type=\"widget\" data-widget_type=\"text-editor.default\">\n\t\t\t\t<div class=\"elementor-widget-container\">\n\t\t\t\t\t\t\t\t\t<p>El Rito del Utero es el Rito 13vo de Munay-KI.\u00a0<\/p><p>E<span style=\"font-style: inherit; font-weight: inherit; color: var( --e-global-color-text ); font-family: var( --e-global-typography-text-font-family ), Sans-serif;\">s el Rito del utero es el numero 13 del Munay-Ki. El rito es para la sanaci\u00f3n, el crecimiento personal, que aumentar\u00e1 y fortalecer\u00e1,  la conexi\u00f3n de tu \u00fatero con la Madre Tierra brind\u00e1ndote sanaci\u00f3n y tambi\u00e9n ayudar\u00e1 a sanar los males que las mujeres hemos sufrido a trav\u00e9s del tiempo, ayudando a todas nuestras abuelas, madres, hermanas e hijas\u00a0<\/span><span style=\"font-style: inherit; font-weight: inherit; color: var( --e-global-color-text ); font-family: var( --e-global-typography-text-font-family ), Sans-serif;\">.<\/span><\/p><p>Es una iniciaci\u00f3n recibida y transmitida a travez de un hermoso ritual. Es la reconciliaci\u00f3n con tu linage materrno, permitiendote armonizar tu ser y haciendote mas conciente de tu poder de creaci\u00f3n y dar vida.<\/p><p>En este encuentro, no solo sanar\u00e1s tu linaje femenino en el cual trabajaremos 7 generaciones de  abuelas para sanar con amor el origen de todos los desbalances en los organos femeninos, bendeciremos 7 generaciones decendientes.<\/p><p>Este rito tiene como objetivo sanar nuestras heridas, el pasado doloroso, las tristezas, las frustraciones, las huellas que no nos permiten avanzar, conectando con la divinidad y as\u00ed seguir regando la semilla de luz y amor en todas las mujeres. Trae sanaci\u00f3n, alegr\u00eda, amor, compasi\u00f3n a nuestra Madre Tierra, a nosotros mismos y a todas nuestras relaciones.\u00a0<span style=\"font-style: inherit; font-weight: inherit; color: var( --e-global-color-text ); font-family: var( --e-global-typography-text-font-family ), Sans-serif;\">En adicion, al ritual, realizaremos una sanaci\u00f3n de los puntos energ\u00e9tiicos para limpiar y armonizar nuestros cuerpos.<\/span><\/p><p><span style=\"color: var( --e-global-color-text ); font-family: var( --e-global-typography-text-font-family ), Sans-serif; font-style: inherit; font-weight: inherit;\">Luego de el Rito te convertiras en \"Guardiana del Utero\" lo cual te permitira transmitirlo a otras mujeres.<\/span><\/p><p><span style=\"font-style: inherit; font-weight: inherit; color: var( --e-global-color-text ); font-family: var( --e-global-typography-text-font-family ), Sans-serif;\">\u00bfQuien puede recbir el Rito del Utero?<\/span><\/p><p><span style=\"font-style: inherit; font-weight: inherit; color: var( --e-global-color-text ); font-family: var( --e-global-typography-text-font-family ), Sans-serif;\">Todas las mujeres, incluyendo mujeres embarazadas. Mujeres que no tienen utero ni organos reproductores. Mujeres con desrodenes ginecologicos. Hombres que quieran sanar su linaje materno<\/span><\/p><p>Duration: Aprox 2.5 hours<\/p><p>Donde: Presencial en nuestra localidad en Orlando, FL u Online Via Zoom<\/p><div>\u00a0<\/div>\t\t\t\t\t\t\t\t<\/div>\n\t\t\t\t<\/div>\n\t\t\t\t\t<\/div>\n\t\t<\/div>\n\t\t\t\t\t<\/div>\n\t\t<\/section>\n\t\t\t\t<\/div>","protected":false},"excerpt":{"rendered":"<p>Munay-Ki 13Th Rite of the Womb. It is the 13th Rite of the Munay-Ki.\u00a0The rite is for healing, personal growth, which will grow and strengthen, also for your womb connection to Mother Earth giving her healing and will also help to heal the wrongs that women have suffered throughout time, helping all our grandmothers, mothers, [&hellip;]<\/p>","protected":false},"featured_media":3668,"comment_status":"open","ping_status":"closed","template":"","meta":{"site-sidebar-layout":"no-sidebar","site-content-layout":"page-builder","ast-site-content-layout":"full-width-container","site-content-style":"unboxed","site-sidebar-style":"unboxed","ast-global-header-display":"","ast-banner-title-visibility":"","ast-main-header-display":"","ast-hfb-above-header-display":"","ast-hfb-below-header-display":"","ast-hfb-mobile-header-display":"","site-post-title":"disabled","ast-breadcrumbs-content":"","ast-featured-img":"disabled","footer-sml-layout":"","ast-disable-related-posts":"","theme-transparent-header-meta":"default","adv-header-id-meta":"","stick-header-meta":"","header-above-stick-meta":"","header-main-stick-meta":"","header-below-stick-meta":"","astra-migrate-meta-layouts":"set","ast-page-background-enabled":"default","ast-page-background-meta":{"desktop":{"background-color":"var(--ast-global-color-4)","background-image":"","background-repeat":"repeat","background-position":"center center","background-size":"auto","background-attachment":"scroll","background-type":"","background-media":"","overlay-type":"","overlay-color":"","overlay-opacity":"","overlay-gradient":""},"tablet":{"background-color":"","background-image":"","background-repeat":"repeat","background-position":"center center","background-size":"auto","background-attachment":"scroll","background-type":"","background-media":"","overlay-type":"","overlay-color":"","overlay-opacity":"","overlay-gradient":""},"mobile":{"background-color":"","background-image":"","background-repeat":"repeat","background-position":"center center","background-size":"auto","background-attachment":"scroll","background-type":"","background-media":"","overlay-type":"","overlay-color":"","overlay-opacity":"","overlay-gradient":""}},"ast-content-background-meta":{"desktop":{"background-color":"var(--ast-global-color-5)","background-image":"","background-repeat":"repeat","background-position":"center center","background-size":"auto","background-attachment":"scroll","background-type":"","background-media":"","overlay-type":"","overlay-color":"","overlay-opacity":"","overlay-gradient":""},"tablet":{"background-color":"var(--ast-global-color-5)","background-image":"","background-repeat":"repeat","background-position":"center center","background-size":"auto","background-attachment":"scroll","background-type":"","background-media":"","overlay-type":"","overlay-color":"","overlay-opacity":"","overlay-gradient":""},"mobile":{"background-color":"var(--ast-global-color-5)","background-image":"","background-repeat":"repeat","background-position":"center center","background-size":"auto","background-attachment":"scroll","background-type":"","background-media":"","overlay-type":"","overlay-color":"","overlay-opacity":"","overlay-gradient":""}}},"product_brand":[],"product_cat":[21],"product_tag":[],"class_list":{"0":"post-3666","1":"product","2":"type-product","3":"status-publish","4":"has-post-thumbnail","6":"product_cat-courses","7":"desktop-align-left","8":"tablet-align-left","9":"mobile-align-left","11":"first","12":"instock","13":"downloadable","14":"virtual","15":"sold-individually","16":"purchasable","17":"product-type-simple"},"_links":{"self":[{"href":"https:\/\/oasishealingspot.com\/es\/wp-json\/wp\/v2\/product\/3666","targetHints":{"allow":["GET"]}}],"collection":[{"href":"https:\/\/oasishealingspot.com\/es\/wp-json\/wp\/v2\/product"}],"about":[{"href":"https:\/\/oasishealingspot.com\/es\/wp-json\/wp\/v2\/types\/product"}],"replies":[{"embeddable":true,"href":"https:\/\/oasishealingspot.com\/es\/wp-json\/wp\/v2\/comments?post=3666"}],"version-history":[{"count":24,"href":"https:\/\/oasishealingspot.com\/es\/wp-json\/wp\/v2\/product\/3666\/revisions"}],"predecessor-version":[{"id":6035,"href":"https:\/\/oasishealingspot.com\/es\/wp-json\/wp\/v2\/product\/3666\/revisions\/6035"}],"wp:featuredmedia":[{"embeddable":true,"href":"https:\/\/oasishealingspot.com\/es\/wp-json\/wp\/v2\/media\/3668"}],"wp:attachment":[{"href":"https:\/\/oasishealingspot.com\/es\/wp-json\/wp\/v2\/media?parent=3666"}],"wp:term":[{"taxonomy":"product_brand","embeddable":true,"href":"https:\/\/oasishealingspot.com\/es\/wp-json\/wp\/v2\/product_brand?post=3666"},{"taxonomy":"product_cat","embeddable":true,"href":"https:\/\/oasishealingspot.com\/es\/wp-json\/wp\/v2\/product_cat?post=3666"},{"taxonomy":"product_tag","embeddable":true,"href":"https:\/\/oasishealingspot.com\/es\/wp-json\/wp\/v2\/product_tag?post=3666"}],"curies":[{"name":"wp","href":"https:\/\/api.w.org\/{rel}","templated":true}]}}