{"id":3234,"date":"2023-08-20T20:41:31","date_gmt":"2023-08-20T20:41:31","guid":{"rendered":"https:\/\/oasishealingspot.com\/?post_type=product&#038;p=3234"},"modified":"2024-01-04T11:55:15","modified_gmt":"2024-01-04T11:55:15","slug":"tarot-card-charm","status":"publish","type":"product","link":"https:\/\/oasishealingspot.com\/es\/shop-2\/tarot-card-charm","title":{"rendered":"Dije Cartas de Tarot"},"content":{"rendered":"<div data-elementor-type=\"product-post\" data-elementor-id=\"3234\" class=\"elementor elementor-3234\">\n\t\t\t\t\t\t<section class=\"elementor-section elementor-top-section elementor-element elementor-element-b26a988 elementor-section-boxed elementor-section-height-default elementor-section-height-default\" data-id=\"b26a988\" data-element_type=\"section\">\n\t\t\t\t\t\t<div class=\"elementor-container elementor-column-gap-default\">\n\t\t\t\t\t<div class=\"elementor-column elementor-col-100 elementor-top-column elementor-element elementor-element-9a873bf\" data-id=\"9a873bf\" data-element_type=\"column\">\n\t\t\t<div class=\"elementor-widget-wrap elementor-element-populated\">\n\t\t\t\t\t\t<div class=\"elementor-element elementor-element-22a3783 elementor-widget elementor-widget-text-editor\" data-id=\"22a3783\" data-element_type=\"widget\" data-widget_type=\"text-editor.default\">\n\t\t\t\t<div class=\"elementor-widget-container\">\n\t\t\t\t\t\t\t\t\t<p><span style=\"font-weight: 400;\">Un dije maravilloso. Acompa\u00f1a tu d\u00eda con la energ\u00eda del dije de las cartas de Tarot. Cada carta tiene un significado \u00fanico y es un gran aliado en diferentes momentos de tu vida.<\/span><\/p><p>Material:<span style=\"font-weight: 400;\">925 sterling silver and plated gold 14K<\/span><\/p><p><span style=\"font-weight: 400;\">Tama\u00f1o del dije: 17 mm (largo) x 10 mm (ancho)<\/span><\/p><p><span style=\"font-weight: 400;\">Color:<\/span><span style=\"font-weight: 400;\">Plata \/ <\/span><span style=\"font-weight: 400;\">Chapado en Oro 14K <\/span><\/p><p><span style=\"font-weight: 400;\">Estilos:<\/span><\/p><p><span style=\"font-weight: 400;\">El Sol <\/span><span style=\"font-weight: 400;\">El Sol significa alegr\u00eda, \u00e9xito y te invita a disfrutar de la vida.<\/span><\/p><p><span style=\"font-weight: 400;\">La Fuerza <\/span><span style=\"font-weight: 400;\">La Fuerza significa empoderamiento, valor y te invita a actuar con inteligencia<\/span><\/p><p><span style=\"font-weight: 400;\">Rueda de la fortuna:<\/span><span style=\"font-weight: 400;\">La Rueda de la Fortuna significa cambios, nuevos ciclos y dinero<\/span><\/p><p><span style=\"font-weight: 400;\">El Mundo<\/span><span style=\"font-weight: 400;\">El mundo significa plenitud, cambio de etapa y \u00e9xito.\u00a0<\/span><\/p><p><span style=\"font-weight: 400;\">La Luna: <\/span><span style=\"font-weight: 400;\">La Luna significa intuici\u00f3n, energ\u00eda femenina y los ciclos de la vida.<\/span><\/p><p><span style=\"font-weight: 400;\">La Estrella:<\/span><span style=\"font-weight: 400;\">La Estrella son nuevos proyectos, esperanza, fe y sanaci\u00f3n.<\/span><\/p><p><span style=\"font-weight: 400;\">Tres de Espadas <\/span><span style=\"font-weight: 400;\">El 3 de espadas son las heridas en el coraz\u00f3n que invitan a ser sanadas.<\/span><\/p>\t\t\t\t\t\t\t\t<\/div>\n\t\t\t\t<\/div>\n\t\t\t\t\t<\/div>\n\t\t<\/div>\n\t\t\t\t\t<\/div>\n\t\t<\/section>\n\t\t\t\t<\/div>","protected":false},"excerpt":{"rendered":"<p>Hecho a mano. Pieza puede variar en color y forma.<\/p>","protected":false},"featured_media":3401,"comment_status":"open","ping_status":"closed","template":"","meta":{"site-sidebar-layout":"default","site-content-layout":"default","ast-site-content-layout":"default","site-content-style":"default","site-sidebar-style":"default","ast-global-header-display":"","ast-banner-title-visibility":"","ast-main-header-display":"","ast-hfb-above-header-display":"","ast-hfb-below-header-display":"","ast-hfb-mobile-header-display":"","site-post-title":"","ast-breadcrumbs-content":"","ast-featured-img":"","footer-sml-layout":"","ast-disable-related-posts":"","theme-transparent-header-meta":"default","adv-header-id-meta":"","stick-header-meta":"","header-above-stick-meta":"","header-main-stick-meta":"","header-below-stick-meta":"","astra-migrate-meta-layouts":"set","ast-page-background-enabled":"default","ast-page-background-meta":{"desktop":{"background-color":"var(--ast-global-color-4)","background-image":"","background-repeat":"repeat","background-position":"center center","background-size":"auto","background-attachment":"scroll","background-type":"","background-media":"","overlay-type":"","overlay-color":"","overlay-opacity":"","overlay-gradient":""},"tablet":{"background-color":"","background-image":"","background-repeat":"repeat","background-position":"center center","background-size":"auto","background-attachment":"scroll","background-type":"","background-media":"","overlay-type":"","overlay-color":"","overlay-opacity":"","overlay-gradient":""},"mobile":{"background-color":"","background-image":"","background-repeat":"repeat","background-position":"center center","background-size":"auto","background-attachment":"scroll","background-type":"","background-media":"","overlay-type":"","overlay-color":"","overlay-opacity":"","overlay-gradient":""}},"ast-content-background-meta":{"desktop":{"background-color":"var(--ast-global-color-5)","background-image":"","background-repeat":"repeat","background-position":"center center","background-size":"auto","background-attachment":"scroll","background-type":"","background-media":"","overlay-type":"","overlay-color":"","overlay-opacity":"","overlay-gradient":""},"tablet":{"background-color":"var(--ast-global-color-5)","background-image":"","background-repeat":"repeat","background-position":"center center","background-size":"auto","background-attachment":"scroll","background-type":"","background-media":"","overlay-type":"","overlay-color":"","overlay-opacity":"","overlay-gradient":""},"mobile":{"background-color":"var(--ast-global-color-5)","background-image":"","background-repeat":"repeat","background-position":"center center","background-size":"auto","background-attachment":"scroll","background-type":"","background-media":"","overlay-type":"","overlay-color":"","overlay-opacity":"","overlay-gradient":""}}},"product_brand":[],"product_cat":[63,65],"product_tag":[38],"class_list":{"0":"post-3234","1":"product","2":"type-product","3":"status-publish","4":"has-post-thumbnail","6":"product_cat-jewelry","7":"product_cat-pendants-and-necklace","8":"product_tag-shop","9":"desktop-align-left","10":"tablet-align-left","11":"mobile-align-left","13":"first","14":"instock","15":"taxable","16":"shipping-taxable","17":"purchasable","18":"product-type-simple"},"_links":{"self":[{"href":"https:\/\/oasishealingspot.com\/es\/wp-json\/wp\/v2\/product\/3234","targetHints":{"allow":["GET"]}}],"collection":[{"href":"https:\/\/oasishealingspot.com\/es\/wp-json\/wp\/v2\/product"}],"about":[{"href":"https:\/\/oasishealingspot.com\/es\/wp-json\/wp\/v2\/types\/product"}],"replies":[{"embeddable":true,"href":"https:\/\/oasishealingspot.com\/es\/wp-json\/wp\/v2\/comments?post=3234"}],"version-history":[{"count":15,"href":"https:\/\/oasishealingspot.com\/es\/wp-json\/wp\/v2\/product\/3234\/revisions"}],"predecessor-version":[{"id":4481,"href":"https:\/\/oasishealingspot.com\/es\/wp-json\/wp\/v2\/product\/3234\/revisions\/4481"}],"wp:featuredmedia":[{"embeddable":true,"href":"https:\/\/oasishealingspot.com\/es\/wp-json\/wp\/v2\/media\/3401"}],"wp:attachment":[{"href":"https:\/\/oasishealingspot.com\/es\/wp-json\/wp\/v2\/media?parent=3234"}],"wp:term":[{"taxonomy":"product_brand","embeddable":true,"href":"https:\/\/oasishealingspot.com\/es\/wp-json\/wp\/v2\/product_brand?post=3234"},{"taxonomy":"product_cat","embeddable":true,"href":"https:\/\/oasishealingspot.com\/es\/wp-json\/wp\/v2\/product_cat?post=3234"},{"taxonomy":"product_tag","embeddable":true,"href":"https:\/\/oasishealingspot.com\/es\/wp-json\/wp\/v2\/product_tag?post=3234"}],"curies":[{"name":"wp","href":"https:\/\/api.w.org\/{rel}","templated":true}]}}