{"id":3187,"date":"2023-08-20T20:04:34","date_gmt":"2023-08-20T20:04:34","guid":{"rendered":"https:\/\/oasishealingspot.com\/?post_type=product&#038;p=3187"},"modified":"2024-01-02T17:23:52","modified_gmt":"2024-01-02T17:23:52","slug":"dual-ring-citrine-amazonite","status":"publish","type":"product","link":"https:\/\/oasishealingspot.com\/es\/shop-2\/dual-ring-citrine-amazonite","title":{"rendered":"Sortija doble- Citrina\/Amasonita"},"content":{"rendered":"<div data-elementor-type=\"product-post\" data-elementor-id=\"3187\" class=\"elementor elementor-3187\">\n\t\t\t\t\t\t<section class=\"elementor-section elementor-top-section elementor-element elementor-element-b26a988 elementor-section-boxed elementor-section-height-default elementor-section-height-default\" data-id=\"b26a988\" data-element_type=\"section\">\n\t\t\t\t\t\t<div class=\"elementor-container elementor-column-gap-default\">\n\t\t\t\t\t<div class=\"elementor-column elementor-col-100 elementor-top-column elementor-element elementor-element-9a873bf\" data-id=\"9a873bf\" data-element_type=\"column\">\n\t\t\t<div class=\"elementor-widget-wrap elementor-element-populated\">\n\t\t\t\t\t\t<div class=\"elementor-element elementor-element-22a3783 elementor-widget elementor-widget-text-editor\" data-id=\"22a3783\" data-element_type=\"widget\" data-widget_type=\"text-editor.default\">\n\t\t\t\t<div class=\"elementor-widget-container\">\n\t\t\t\t\t\t\t\t\t<p><span style=\"font-weight: 400;\">Tama\u00f1o: Ajustable\u00a0<\/span><\/p><p><span style=\"font-weight: 400;\">Material: <\/span><span style=\"font-weight: 400;\">Ba\u00f1o en Oro 18K<\/span><\/p><p><span style=\"font-weight: 400;\">\u00a1La combinaci\u00f3n perfecta para llevar!\u00a0<\/span><\/p><p><span style=\"font-weight: 400;\">Amatista, m\u00e1s all\u00e1 de las propiedades f\u00edsicas y los beneficios de la amatista, el color p\u00farpura de la piedra es un tranquilizante natural. Se dice que disipa la ira, ayuda a controlar los miedos, y calma la ira y la ansiedad. Otros beneficios que se cree de la amatista incluyen la capacidad de aliviar la tristeza y el dolor y disolver la negatividad. El color de esta gema tambi\u00e9n est\u00e1 relacionado con la activaci\u00f3n de la conciencia espiritual, la bienvenida a las energ\u00edas intuitivas y la mejora de las habilidades ps\u00edquicas.<\/span><\/p><p><span style=\"font-weight: 400;\">La labradorita es conocida como la piedra de transformaci\u00f3n. La labradorita es una compa\u00f1era \u00fatil en momentos de cambio, te imparte fuerza y perseverancia. Equilibra y protege el aura, eleva la conciencia y fomenta las energ\u00edas espirituales. La labradorita destierra los miedos y las inseguridades y fortalece la fe en uno mismo y la confianza en el universo.<\/span><\/p><p>Hecho a mano. Pieza puede variar en color y forma.<\/p>\t\t\t\t\t\t\t\t<\/div>\n\t\t\t\t<\/div>\n\t\t\t\t\t<\/div>\n\t\t<\/div>\n\t\t\t\t\t<\/div>\n\t\t<\/section>\n\t\t\t\t<\/div>","protected":false},"excerpt":{"rendered":"<p>Size: Adjustable Material: 18K Gold Filled A perfect combination to wear! Amethyst over and above the physical properties and benefits of amethyst, the stone\u2019s purple color is a natural tranquilizer. It is said to dispel rage, help manage fears and anger, and calm rage and anxiety. Other believed benefits of amethyst include the ability to [&hellip;]<\/p>","protected":false},"featured_media":3398,"comment_status":"open","ping_status":"closed","template":"","meta":{"site-sidebar-layout":"default","site-content-layout":"default","ast-site-content-layout":"default","site-content-style":"default","site-sidebar-style":"default","ast-global-header-display":"","ast-banner-title-visibility":"","ast-main-header-display":"","ast-hfb-above-header-display":"","ast-hfb-below-header-display":"","ast-hfb-mobile-header-display":"","site-post-title":"","ast-breadcrumbs-content":"","ast-featured-img":"","footer-sml-layout":"","ast-disable-related-posts":"","theme-transparent-header-meta":"default","adv-header-id-meta":"","stick-header-meta":"","header-above-stick-meta":"","header-main-stick-meta":"","header-below-stick-meta":"","astra-migrate-meta-layouts":"set","ast-page-background-enabled":"default","ast-page-background-meta":{"desktop":{"background-color":"var(--ast-global-color-4)","background-image":"","background-repeat":"repeat","background-position":"center center","background-size":"auto","background-attachment":"scroll","background-type":"","background-media":"","overlay-type":"","overlay-color":"","overlay-opacity":"","overlay-gradient":""},"tablet":{"background-color":"","background-image":"","background-repeat":"repeat","background-position":"center center","background-size":"auto","background-attachment":"scroll","background-type":"","background-media":"","overlay-type":"","overlay-color":"","overlay-opacity":"","overlay-gradient":""},"mobile":{"background-color":"","background-image":"","background-repeat":"repeat","background-position":"center center","background-size":"auto","background-attachment":"scroll","background-type":"","background-media":"","overlay-type":"","overlay-color":"","overlay-opacity":"","overlay-gradient":""}},"ast-content-background-meta":{"desktop":{"background-color":"var(--ast-global-color-5)","background-image":"","background-repeat":"repeat","background-position":"center center","background-size":"auto","background-attachment":"scroll","background-type":"","background-media":"","overlay-type":"","overlay-color":"","overlay-opacity":"","overlay-gradient":""},"tablet":{"background-color":"var(--ast-global-color-5)","background-image":"","background-repeat":"repeat","background-position":"center center","background-size":"auto","background-attachment":"scroll","background-type":"","background-media":"","overlay-type":"","overlay-color":"","overlay-opacity":"","overlay-gradient":""},"mobile":{"background-color":"var(--ast-global-color-5)","background-image":"","background-repeat":"repeat","background-position":"center center","background-size":"auto","background-attachment":"scroll","background-type":"","background-media":"","overlay-type":"","overlay-color":"","overlay-opacity":"","overlay-gradient":""}}},"product_brand":[],"product_cat":[63,64],"product_tag":[],"class_list":{"0":"post-3187","1":"product","2":"type-product","3":"status-publish","4":"has-post-thumbnail","6":"product_cat-jewelry","7":"product_cat-triad-collection","8":"desktop-align-left","9":"tablet-align-left","10":"mobile-align-left","12":"first","13":"outofstock","14":"taxable","15":"shipping-taxable","16":"purchasable","17":"product-type-simple"},"_links":{"self":[{"href":"https:\/\/oasishealingspot.com\/es\/wp-json\/wp\/v2\/product\/3187","targetHints":{"allow":["GET"]}}],"collection":[{"href":"https:\/\/oasishealingspot.com\/es\/wp-json\/wp\/v2\/product"}],"about":[{"href":"https:\/\/oasishealingspot.com\/es\/wp-json\/wp\/v2\/types\/product"}],"replies":[{"embeddable":true,"href":"https:\/\/oasishealingspot.com\/es\/wp-json\/wp\/v2\/comments?post=3187"}],"version-history":[{"count":13,"href":"https:\/\/oasishealingspot.com\/es\/wp-json\/wp\/v2\/product\/3187\/revisions"}],"predecessor-version":[{"id":4310,"href":"https:\/\/oasishealingspot.com\/es\/wp-json\/wp\/v2\/product\/3187\/revisions\/4310"}],"wp:featuredmedia":[{"embeddable":true,"href":"https:\/\/oasishealingspot.com\/es\/wp-json\/wp\/v2\/media\/3398"}],"wp:attachment":[{"href":"https:\/\/oasishealingspot.com\/es\/wp-json\/wp\/v2\/media?parent=3187"}],"wp:term":[{"taxonomy":"product_brand","embeddable":true,"href":"https:\/\/oasishealingspot.com\/es\/wp-json\/wp\/v2\/product_brand?post=3187"},{"taxonomy":"product_cat","embeddable":true,"href":"https:\/\/oasishealingspot.com\/es\/wp-json\/wp\/v2\/product_cat?post=3187"},{"taxonomy":"product_tag","embeddable":true,"href":"https:\/\/oasishealingspot.com\/es\/wp-json\/wp\/v2\/product_tag?post=3187"}],"curies":[{"name":"wp","href":"https:\/\/api.w.org\/{rel}","templated":true}]}}