{"id":2669,"date":"2023-07-07T23:36:04","date_gmt":"2023-07-07T23:36:04","guid":{"rendered":"https:\/\/oasishealingspot.com\/?post_type=product&#038;p=2669"},"modified":"2024-11-02T17:48:26","modified_gmt":"2024-11-02T21:48:26","slug":"karuna-reiki-master","status":"publish","type":"product","link":"https:\/\/oasishealingspot.com\/es\/shop-2\/karuna-reiki-master","title":{"rendered":"Maestr\u00eda Reiki Karuna"},"content":{"rendered":"<div data-elementor-type=\"product-post\" data-elementor-id=\"2669\" class=\"elementor elementor-2669\">\n\t\t\t\t\t\t<section class=\"elementor-section elementor-top-section elementor-element elementor-element-bb55393 elementor-section-boxed elementor-section-height-default elementor-section-height-default\" data-id=\"bb55393\" data-element_type=\"section\">\n\t\t\t\t\t\t<div class=\"elementor-container elementor-column-gap-default\">\n\t\t\t\t\t<div class=\"elementor-column elementor-col-100 elementor-top-column elementor-element elementor-element-4c558f4\" data-id=\"4c558f4\" data-element_type=\"column\">\n\t\t\t<div class=\"elementor-widget-wrap elementor-element-populated\">\n\t\t\t\t\t\t<div class=\"elementor-element elementor-element-6534b61b elementor-widget elementor-widget-text-editor\" data-id=\"6534b61b\" data-element_type=\"widget\" data-widget_type=\"text-editor.default\">\n\t\t\t\t<div class=\"elementor-widget-container\">\n\t\t\t\t\t\t\t\t\t<p>Karuna Reiki significa \"una acci\u00f3n que se realiza para disminuir el sufrimiento de los dem\u00e1s\", tambi\u00e9n se puede definir como el Reiki de la Compasi\u00f3n. Karuna Reiki es energ\u00eda sanadora que nos ayuda a despertar la compasi\u00f3n universal y la sabidur\u00eda del alma. La formaci\u00f3n de Maestro de Karuna Reiki est\u00e1 dise\u00f1ada para que el estudiante aprenda a conectar con los maestros ascendidos, aprender\u00e1 los s\u00edmbolos maestros de Karuna y adquirir\u00e1 los conocimientos para ense\u00f1ar e iniciar a otros en este m\u00e9todo de reiki. El estudiante debe estar sintonizado en Karuna Reiki Nivel 1 y 2 Duraci\u00f3n: 2 clases\/ 4 horas cada una.<\/p>\t\t\t\t\t\t\t\t<\/div>\n\t\t\t\t<\/div>\n\t\t\t\t\t<\/div>\n\t\t<\/div>\n\t\t\t\t\t<\/div>\n\t\t<\/section>\n\t\t\t\t<\/div>","protected":false},"excerpt":{"rendered":"<p>Karuna Reiki means \u201can action that is taken to diminish the suffering of others,\u201d it can also be defined as the Reiki of Compassion. Karuna Reiki is healing energy which assists us in awakening universal compassion and the wisdom in one\u2019s soul. The Karuna Reiki Master training is designed for the student to learn to [&hellip;]<\/p>","protected":false},"featured_media":2676,"comment_status":"open","ping_status":"closed","template":"","meta":{"site-sidebar-layout":"default","site-content-layout":"default","ast-site-content-layout":"default","site-content-style":"default","site-sidebar-style":"default","ast-global-header-display":"","ast-banner-title-visibility":"","ast-main-header-display":"","ast-hfb-above-header-display":"","ast-hfb-below-header-display":"","ast-hfb-mobile-header-display":"","site-post-title":"","ast-breadcrumbs-content":"","ast-featured-img":"","footer-sml-layout":"","ast-disable-related-posts":"","theme-transparent-header-meta":"default","adv-header-id-meta":"","stick-header-meta":"","header-above-stick-meta":"","header-main-stick-meta":"","header-below-stick-meta":"","astra-migrate-meta-layouts":"set","ast-page-background-enabled":"default","ast-page-background-meta":{"desktop":{"background-color":"var(--ast-global-color-4)","background-image":"","background-repeat":"repeat","background-position":"center center","background-size":"auto","background-attachment":"scroll","background-type":"","background-media":"","overlay-type":"","overlay-color":"","overlay-opacity":"","overlay-gradient":""},"tablet":{"background-color":"","background-image":"","background-repeat":"repeat","background-position":"center center","background-size":"auto","background-attachment":"scroll","background-type":"","background-media":"","overlay-type":"","overlay-color":"","overlay-opacity":"","overlay-gradient":""},"mobile":{"background-color":"","background-image":"","background-repeat":"repeat","background-position":"center center","background-size":"auto","background-attachment":"scroll","background-type":"","background-media":"","overlay-type":"","overlay-color":"","overlay-opacity":"","overlay-gradient":""}},"ast-content-background-meta":{"desktop":{"background-color":"var(--ast-global-color-5)","background-image":"","background-repeat":"repeat","background-position":"center center","background-size":"auto","background-attachment":"scroll","background-type":"","background-media":"","overlay-type":"","overlay-color":"","overlay-opacity":"","overlay-gradient":""},"tablet":{"background-color":"var(--ast-global-color-5)","background-image":"","background-repeat":"repeat","background-position":"center center","background-size":"auto","background-attachment":"scroll","background-type":"","background-media":"","overlay-type":"","overlay-color":"","overlay-opacity":"","overlay-gradient":""},"mobile":{"background-color":"var(--ast-global-color-5)","background-image":"","background-repeat":"repeat","background-position":"center center","background-size":"auto","background-attachment":"scroll","background-type":"","background-media":"","overlay-type":"","overlay-color":"","overlay-opacity":"","overlay-gradient":""}}},"product_brand":[],"product_cat":[21],"product_tag":[],"class_list":{"0":"post-2669","1":"product","2":"type-product","3":"status-publish","4":"has-post-thumbnail","6":"product_cat-courses","7":"desktop-align-left","8":"tablet-align-left","9":"mobile-align-left","11":"first","12":"instock","13":"downloadable","14":"virtual","15":"purchasable","16":"product-type-simple"},"_links":{"self":[{"href":"https:\/\/oasishealingspot.com\/es\/wp-json\/wp\/v2\/product\/2669","targetHints":{"allow":["GET"]}}],"collection":[{"href":"https:\/\/oasishealingspot.com\/es\/wp-json\/wp\/v2\/product"}],"about":[{"href":"https:\/\/oasishealingspot.com\/es\/wp-json\/wp\/v2\/types\/product"}],"replies":[{"embeddable":true,"href":"https:\/\/oasishealingspot.com\/es\/wp-json\/wp\/v2\/comments?post=2669"}],"version-history":[{"count":5,"href":"https:\/\/oasishealingspot.com\/es\/wp-json\/wp\/v2\/product\/2669\/revisions"}],"predecessor-version":[{"id":2690,"href":"https:\/\/oasishealingspot.com\/es\/wp-json\/wp\/v2\/product\/2669\/revisions\/2690"}],"wp:featuredmedia":[{"embeddable":true,"href":"https:\/\/oasishealingspot.com\/es\/wp-json\/wp\/v2\/media\/2676"}],"wp:attachment":[{"href":"https:\/\/oasishealingspot.com\/es\/wp-json\/wp\/v2\/media?parent=2669"}],"wp:term":[{"taxonomy":"product_brand","embeddable":true,"href":"https:\/\/oasishealingspot.com\/es\/wp-json\/wp\/v2\/product_brand?post=2669"},{"taxonomy":"product_cat","embeddable":true,"href":"https:\/\/oasishealingspot.com\/es\/wp-json\/wp\/v2\/product_cat?post=2669"},{"taxonomy":"product_tag","embeddable":true,"href":"https:\/\/oasishealingspot.com\/es\/wp-json\/wp\/v2\/product_tag?post=2669"}],"curies":[{"name":"wp","href":"https:\/\/api.w.org\/{rel}","templated":true}]}}