{"id":2661,"date":"2023-07-07T23:23:54","date_gmt":"2023-07-07T23:23:54","guid":{"rendered":"https:\/\/oasishealingspot.com\/?post_type=product&#038;p=2661"},"modified":"2025-03-17T18:22:13","modified_gmt":"2025-03-17T22:22:13","slug":"reiki-therapist-course-usui-and-angelic-reiki","status":"publish","type":"product","link":"https:\/\/oasishealingspot.com\/es\/shop-2\/reiki-therapist-course-usui-and-angelic-reiki","title":{"rendered":"Formaci\u00f3n Terapeuta en Reiki (Usui &amp;\nReiki Angelical)"},"content":{"rendered":"<div data-elementor-type=\"product-post\" data-elementor-id=\"2661\" class=\"elementor elementor-2661\">\n\t\t\t\t\t\t<section class=\"elementor-section elementor-top-section elementor-element elementor-element-bb55393 elementor-section-boxed elementor-section-height-default elementor-section-height-default\" data-id=\"bb55393\" data-element_type=\"section\">\n\t\t\t\t\t\t<div class=\"elementor-container elementor-column-gap-default\">\n\t\t\t\t\t<div class=\"elementor-column elementor-col-100 elementor-top-column elementor-element elementor-element-4c558f4\" data-id=\"4c558f4\" data-element_type=\"column\">\n\t\t\t<div class=\"elementor-widget-wrap elementor-element-populated\">\n\t\t\t\t\t\t<div class=\"elementor-element elementor-element-6534b61b elementor-widget elementor-widget-text-editor\" data-id=\"6534b61b\" data-element_type=\"widget\" data-widget_type=\"text-editor.default\">\n\t\t\t\t<div class=\"elementor-widget-container\">\n\t\t\t\t\t\t\t\t\t<p>El Reiki es un arte japon\u00e9s de curaci\u00f3n que utiliza la transferencia de energ\u00eda universal del practicante a una persona, animal o cosa. Durante este curso aprender\u00e1s dos m\u00e9todos de Reiki, Usui y Agelic Reiki, y otras herramientas hol\u00edsticas y sus beneficios, tales como: introducci\u00f3n a la energ\u00eda y los chakras, conexi\u00f3n con los Arc\u00e1ngeles, s\u00edmbolos de Reiki, m\u00faltiples t\u00e9cnicas de tratamientos de Reiki para ti y para otros. Tambi\u00e9n, meditaci\u00f3n y mindfulness, uso de cristales y p\u00e9ndulo, desarrollar tu intuici\u00f3n y armonizaci\u00f3n energ\u00e9tica. Este es el curso para ti.\u00a0<\/p><p>Duraci\u00f3n: 4 classes\/4 horas cada una<\/p><p>**Clases en Ingl\u00e9s y Privadas disponible a solicitud**<\/p>\t\t\t\t\t\t\t\t<\/div>\n\t\t\t\t<\/div>\n\t\t\t\t\t<\/div>\n\t\t<\/div>\n\t\t\t\t\t<\/div>\n\t\t<\/section>\n\t\t\t\t<\/div>","protected":false},"excerpt":{"rendered":"<p>Reiki is a Japanese art of healing using the transfer of universal energy from the practitioner to a person, animal or thing. During this course you will learn two methods of Reiki, Usui and Angelic Reiki, and other holistic tools and their benefits, such as: introduction to the energy and chakras, connecting with the Archangels, [&hellip;]<\/p>","protected":false},"featured_media":2662,"comment_status":"open","ping_status":"closed","template":"","meta":{"site-sidebar-layout":"default","site-content-layout":"default","ast-site-content-layout":"default","site-content-style":"default","site-sidebar-style":"default","ast-global-header-display":"","ast-banner-title-visibility":"","ast-main-header-display":"","ast-hfb-above-header-display":"","ast-hfb-below-header-display":"","ast-hfb-mobile-header-display":"","site-post-title":"","ast-breadcrumbs-content":"","ast-featured-img":"","footer-sml-layout":"","ast-disable-related-posts":"","theme-transparent-header-meta":"default","adv-header-id-meta":"","stick-header-meta":"","header-above-stick-meta":"","header-main-stick-meta":"","header-below-stick-meta":"","astra-migrate-meta-layouts":"set","ast-page-background-enabled":"default","ast-page-background-meta":{"desktop":{"background-color":"var(--ast-global-color-4)","background-image":"","background-repeat":"repeat","background-position":"center center","background-size":"auto","background-attachment":"scroll","background-type":"","background-media":"","overlay-type":"","overlay-color":"","overlay-opacity":"","overlay-gradient":""},"tablet":{"background-color":"","background-image":"","background-repeat":"repeat","background-position":"center center","background-size":"auto","background-attachment":"scroll","background-type":"","background-media":"","overlay-type":"","overlay-color":"","overlay-opacity":"","overlay-gradient":""},"mobile":{"background-color":"","background-image":"","background-repeat":"repeat","background-position":"center center","background-size":"auto","background-attachment":"scroll","background-type":"","background-media":"","overlay-type":"","overlay-color":"","overlay-opacity":"","overlay-gradient":""}},"ast-content-background-meta":{"desktop":{"background-color":"var(--ast-global-color-5)","background-image":"","background-repeat":"repeat","background-position":"center center","background-size":"auto","background-attachment":"scroll","background-type":"","background-media":"","overlay-type":"","overlay-color":"","overlay-opacity":"","overlay-gradient":""},"tablet":{"background-color":"var(--ast-global-color-5)","background-image":"","background-repeat":"repeat","background-position":"center center","background-size":"auto","background-attachment":"scroll","background-type":"","background-media":"","overlay-type":"","overlay-color":"","overlay-opacity":"","overlay-gradient":""},"mobile":{"background-color":"var(--ast-global-color-5)","background-image":"","background-repeat":"repeat","background-position":"center center","background-size":"auto","background-attachment":"scroll","background-type":"","background-media":"","overlay-type":"","overlay-color":"","overlay-opacity":"","overlay-gradient":""}}},"product_brand":[],"product_cat":[21],"product_tag":[],"class_list":{"0":"post-2661","1":"product","2":"type-product","3":"status-publish","4":"has-post-thumbnail","6":"product_cat-courses","7":"desktop-align-left","8":"tablet-align-left","9":"mobile-align-left","11":"first","12":"instock","13":"sale","14":"downloadable","15":"virtual","16":"purchasable","17":"product-type-simple"},"_links":{"self":[{"href":"https:\/\/oasishealingspot.com\/es\/wp-json\/wp\/v2\/product\/2661","targetHints":{"allow":["GET"]}}],"collection":[{"href":"https:\/\/oasishealingspot.com\/es\/wp-json\/wp\/v2\/product"}],"about":[{"href":"https:\/\/oasishealingspot.com\/es\/wp-json\/wp\/v2\/types\/product"}],"replies":[{"embeddable":true,"href":"https:\/\/oasishealingspot.com\/es\/wp-json\/wp\/v2\/comments?post=2661"}],"version-history":[{"count":28,"href":"https:\/\/oasishealingspot.com\/es\/wp-json\/wp\/v2\/product\/2661\/revisions"}],"predecessor-version":[{"id":6075,"href":"https:\/\/oasishealingspot.com\/es\/wp-json\/wp\/v2\/product\/2661\/revisions\/6075"}],"wp:featuredmedia":[{"embeddable":true,"href":"https:\/\/oasishealingspot.com\/es\/wp-json\/wp\/v2\/media\/2662"}],"wp:attachment":[{"href":"https:\/\/oasishealingspot.com\/es\/wp-json\/wp\/v2\/media?parent=2661"}],"wp:term":[{"taxonomy":"product_brand","embeddable":true,"href":"https:\/\/oasishealingspot.com\/es\/wp-json\/wp\/v2\/product_brand?post=2661"},{"taxonomy":"product_cat","embeddable":true,"href":"https:\/\/oasishealingspot.com\/es\/wp-json\/wp\/v2\/product_cat?post=2661"},{"taxonomy":"product_tag","embeddable":true,"href":"https:\/\/oasishealingspot.com\/es\/wp-json\/wp\/v2\/product_tag?post=2661"}],"curies":[{"name":"wp","href":"https:\/\/api.w.org\/{rel}","templated":true}]}}