{"id":2313,"date":"2023-06-30T18:53:13","date_gmt":"2023-06-30T18:53:13","guid":{"rendered":"https:\/\/oasishealingspot.com\/?post_type=product&#038;p=2313"},"modified":"2024-11-02T17:53:26","modified_gmt":"2024-11-02T21:53:26","slug":"angelsreiki","status":"publish","type":"product","link":"https:\/\/oasishealingspot.com\/es\/shop-2\/angelsreiki","title":{"rendered":"Reiki Angeles Nivel 1,2 y Maestr\u00eda"},"content":{"rendered":"<div data-elementor-type=\"product-post\" data-elementor-id=\"2313\" class=\"elementor elementor-2313\">\n\t\t\t\t\t\t<section class=\"elementor-section elementor-top-section elementor-element elementor-element-bb55393 elementor-section-boxed elementor-section-height-default elementor-section-height-default\" data-id=\"bb55393\" data-element_type=\"section\">\n\t\t\t\t\t\t<div class=\"elementor-container elementor-column-gap-default\">\n\t\t\t\t\t<div class=\"elementor-column elementor-col-100 elementor-top-column elementor-element elementor-element-4c558f4\" data-id=\"4c558f4\" data-element_type=\"column\">\n\t\t\t<div class=\"elementor-widget-wrap elementor-element-populated\">\n\t\t\t\t\t\t<div class=\"elementor-element elementor-element-6534b61b elementor-widget elementor-widget-text-editor\" data-id=\"6534b61b\" data-element_type=\"widget\" data-widget_type=\"text-editor.default\">\n\t\t\t\t<div class=\"elementor-widget-container\">\n\t\t\t\t\t\t\t\t\t<p>El curso est\u00e1 dise\u00f1ado para aprender a integrar t\u00e9cnicas de sanaci\u00f3n de la energ\u00eda universal (Reiki) con la energ\u00eda de los \u00e1ngeles. En este curso se trabaja con la energ\u00eda de los Arc\u00e1ngeles Miguel, Gabriel, Uriel, Chamuel, Zadkiel, Metatr\u00f3n y Jofiel. El curso incluye Nivel 1, 2 y Nivel Maestro.                                                                                                        Duraci\u00f3n: 4 encuentros de 4 horas cada uno.<\/p><p>\u00a0<\/p>\t\t\t\t\t\t\t\t<\/div>\n\t\t\t\t<\/div>\n\t\t\t\t\t<\/div>\n\t\t<\/div>\n\t\t\t\t\t<\/div>\n\t\t<\/section>\n\t\t\t\t<\/div>","protected":false},"excerpt":{"rendered":"<p>El curso est\u00e1 dise\u00f1ado para aprender a integrar t\u00e9cnicas de sanaci\u00f3n de la energ\u00eda universal (Reiki) con la energ\u00eda de los \u00e1ngeles. En este curso se trabaja con la energ\u00eda de los Arc\u00e1ngeles Miguel, Gabriel, Uriel, Chamuel, Zadkiel, Metatr\u00f3n y Jofiel. El curso incluye Nivel 1, 2 y Nivel Maestro.                                                                                                        Duraci\u00f3n: 4 encuentros de 4 horas cada uno.<\/p>","protected":false},"featured_media":2507,"comment_status":"open","ping_status":"closed","template":"","meta":{"site-sidebar-layout":"default","site-content-layout":"default","ast-site-content-layout":"default","site-content-style":"default","site-sidebar-style":"default","ast-global-header-display":"","ast-banner-title-visibility":"","ast-main-header-display":"","ast-hfb-above-header-display":"","ast-hfb-below-header-display":"","ast-hfb-mobile-header-display":"","site-post-title":"","ast-breadcrumbs-content":"","ast-featured-img":"","footer-sml-layout":"","ast-disable-related-posts":"","theme-transparent-header-meta":"default","adv-header-id-meta":"","stick-header-meta":"","header-above-stick-meta":"","header-main-stick-meta":"","header-below-stick-meta":"","astra-migrate-meta-layouts":"set","ast-page-background-enabled":"default","ast-page-background-meta":{"desktop":{"background-color":"var(--ast-global-color-4)","background-image":"","background-repeat":"repeat","background-position":"center center","background-size":"auto","background-attachment":"scroll","background-type":"","background-media":"","overlay-type":"","overlay-color":"","overlay-opacity":"","overlay-gradient":""},"tablet":{"background-color":"","background-image":"","background-repeat":"repeat","background-position":"center center","background-size":"auto","background-attachment":"scroll","background-type":"","background-media":"","overlay-type":"","overlay-color":"","overlay-opacity":"","overlay-gradient":""},"mobile":{"background-color":"","background-image":"","background-repeat":"repeat","background-position":"center center","background-size":"auto","background-attachment":"scroll","background-type":"","background-media":"","overlay-type":"","overlay-color":"","overlay-opacity":"","overlay-gradient":""}},"ast-content-background-meta":{"desktop":{"background-color":"var(--ast-global-color-5)","background-image":"","background-repeat":"repeat","background-position":"center center","background-size":"auto","background-attachment":"scroll","background-type":"","background-media":"","overlay-type":"","overlay-color":"","overlay-opacity":"","overlay-gradient":""},"tablet":{"background-color":"var(--ast-global-color-5)","background-image":"","background-repeat":"repeat","background-position":"center center","background-size":"auto","background-attachment":"scroll","background-type":"","background-media":"","overlay-type":"","overlay-color":"","overlay-opacity":"","overlay-gradient":""},"mobile":{"background-color":"var(--ast-global-color-5)","background-image":"","background-repeat":"repeat","background-position":"center center","background-size":"auto","background-attachment":"scroll","background-type":"","background-media":"","overlay-type":"","overlay-color":"","overlay-opacity":"","overlay-gradient":""}}},"product_brand":[],"product_cat":[21],"product_tag":[],"class_list":{"0":"post-2313","1":"product","2":"type-product","3":"status-publish","4":"has-post-thumbnail","6":"product_cat-courses","7":"desktop-align-left","8":"tablet-align-left","9":"mobile-align-left","11":"first","12":"instock","13":"downloadable","14":"virtual","15":"purchasable","16":"product-type-simple"},"_links":{"self":[{"href":"https:\/\/oasishealingspot.com\/es\/wp-json\/wp\/v2\/product\/2313","targetHints":{"allow":["GET"]}}],"collection":[{"href":"https:\/\/oasishealingspot.com\/es\/wp-json\/wp\/v2\/product"}],"about":[{"href":"https:\/\/oasishealingspot.com\/es\/wp-json\/wp\/v2\/types\/product"}],"replies":[{"embeddable":true,"href":"https:\/\/oasishealingspot.com\/es\/wp-json\/wp\/v2\/comments?post=2313"}],"version-history":[{"count":8,"href":"https:\/\/oasishealingspot.com\/es\/wp-json\/wp\/v2\/product\/2313\/revisions"}],"predecessor-version":[{"id":3614,"href":"https:\/\/oasishealingspot.com\/es\/wp-json\/wp\/v2\/product\/2313\/revisions\/3614"}],"wp:featuredmedia":[{"embeddable":true,"href":"https:\/\/oasishealingspot.com\/es\/wp-json\/wp\/v2\/media\/2507"}],"wp:attachment":[{"href":"https:\/\/oasishealingspot.com\/es\/wp-json\/wp\/v2\/media?parent=2313"}],"wp:term":[{"taxonomy":"product_brand","embeddable":true,"href":"https:\/\/oasishealingspot.com\/es\/wp-json\/wp\/v2\/product_brand?post=2313"},{"taxonomy":"product_cat","embeddable":true,"href":"https:\/\/oasishealingspot.com\/es\/wp-json\/wp\/v2\/product_cat?post=2313"},{"taxonomy":"product_tag","embeddable":true,"href":"https:\/\/oasishealingspot.com\/es\/wp-json\/wp\/v2\/product_tag?post=2313"}],"curies":[{"name":"wp","href":"https:\/\/api.w.org\/{rel}","templated":true}]}}