{"id":4848,"date":"2024-02-04T14:58:48","date_gmt":"2024-02-04T14:58:48","guid":{"rendered":"https:\/\/oasishealingspot.com\/?page_id=4848"},"modified":"2024-03-13T16:26:28","modified_gmt":"2024-03-13T20:26:28","slug":"couples-reiki-session","status":"publish","type":"page","link":"https:\/\/oasishealingspot.com\/es\/couples-reiki-session","title":{"rendered":"Sesi\u00f3n de Reiki en pareja"},"content":{"rendered":"<div data-elementor-type=\"wp-page\" data-elementor-id=\"4848\" class=\"elementor elementor-4848\">\n\t\t\t\t\t\t<section class=\"elementor-section elementor-top-section elementor-element elementor-element-6bde665 elementor-section-boxed elementor-section-height-default elementor-section-height-default\" data-id=\"6bde665\" data-element_type=\"section\">\n\t\t\t\t\t\t<div class=\"elementor-container elementor-column-gap-default\">\n\t\t\t\t\t<div class=\"elementor-column elementor-col-50 elementor-top-column elementor-element elementor-element-2a53cc6\" data-id=\"2a53cc6\" data-element_type=\"column\">\n\t\t\t<div class=\"elementor-widget-wrap elementor-element-populated\">\n\t\t\t\t\t\t<div class=\"elementor-element elementor-element-4dc633e elementor-widget elementor-widget-heading\" data-id=\"4dc633e\" data-element_type=\"widget\" data-widget_type=\"heading.default\">\n\t\t\t\t<div class=\"elementor-widget-container\">\n\t\t\t\t\t<h2 class=\"elementor-heading-title elementor-size-default\">Sesi\u00f3n de Reiki en pareja <\/h2>\t\t\t\t<\/div>\n\t\t\t\t<\/div>\n\t\t\t\t<div class=\"elementor-element elementor-element-5fd018d elementor-widget elementor-widget-heading\" data-id=\"5fd018d\" data-element_type=\"widget\" data-widget_type=\"heading.default\">\n\t\t\t\t<div class=\"elementor-widget-container\">\n\t\t\t\t\t<h2 class=\"elementor-heading-title elementor-size-default\">Session duration: 90 minutes<\/h2>\t\t\t\t<\/div>\n\t\t\t\t<\/div>\n\t\t\t\t<div class=\"elementor-element elementor-element-04041b9 elementor-widget elementor-widget-image\" data-id=\"04041b9\" data-element_type=\"widget\" data-widget_type=\"image.default\">\n\t\t\t\t<div class=\"elementor-widget-container\">\n\t\t\t\t\t\t\t\t\t\t\t\t\t\t\t<img fetchpriority=\"high\" decoding=\"async\" width=\"819\" height=\"1024\" src=\"https:\/\/oasishealingspot.com\/wp-content\/uploads\/2024\/01\/WhatsApp-Image-2024-01-22-at-17.43.27_fc8c3415-819x1024.jpg\" class=\"attachment-large size-large wp-image-4499\" alt=\"\" srcset=\"https:\/\/oasishealingspot.com\/wp-content\/uploads\/2024\/01\/WhatsApp-Image-2024-01-22-at-17.43.27_fc8c3415-819x1024.jpg 819w, https:\/\/oasishealingspot.com\/wp-content\/uploads\/2024\/01\/WhatsApp-Image-2024-01-22-at-17.43.27_fc8c3415-240x300.jpg 240w, https:\/\/oasishealingspot.com\/wp-content\/uploads\/2024\/01\/WhatsApp-Image-2024-01-22-at-17.43.27_fc8c3415-768x960.jpg 768w, https:\/\/oasishealingspot.com\/wp-content\/uploads\/2024\/01\/WhatsApp-Image-2024-01-22-at-17.43.27_fc8c3415-10x12.jpg 10w, https:\/\/oasishealingspot.com\/wp-content\/uploads\/2024\/01\/WhatsApp-Image-2024-01-22-at-17.43.27_fc8c3415-600x750.jpg 600w, https:\/\/oasishealingspot.com\/wp-content\/uploads\/2024\/01\/WhatsApp-Image-2024-01-22-at-17.43.27_fc8c3415.jpg 1080w\" sizes=\"(max-width: 819px) 100vw, 819px\" \/>\t\t\t\t\t\t\t\t\t\t\t\t\t\t\t<\/div>\n\t\t\t\t<\/div>\n\t\t\t\t<section class=\"elementor-section elementor-inner-section elementor-element elementor-element-9c57b20 ignore-toc elementor-hidden-mobile elementor-section-boxed elementor-section-height-default elementor-section-height-default\" data-id=\"9c57b20\" data-element_type=\"section\">\n\t\t\t\t\t\t<div class=\"elementor-container elementor-column-gap-default\">\n\t\t\t\t\t<div class=\"elementor-column elementor-col-50 elementor-inner-column elementor-element elementor-element-87d408f\" data-id=\"87d408f\" data-element_type=\"column\">\n\t\t\t<div class=\"elementor-widget-wrap elementor-element-populated\">\n\t\t\t\t\t\t<div class=\"elementor-element elementor-element-8bdce90 elementor-widget elementor-widget-heading\" data-id=\"8bdce90\" data-element_type=\"widget\" data-widget_type=\"heading.default\">\n\t\t\t\t<div class=\"elementor-widget-container\">\n\t\t\t\t\t<h4 class=\"elementor-heading-title elementor-size-default\">Compartir:<\/h4>\t\t\t\t<\/div>\n\t\t\t\t<\/div>\n\t\t\t\t\t<\/div>\n\t\t<\/div>\n\t\t\t\t<div class=\"elementor-column elementor-col-50 elementor-inner-column elementor-element elementor-element-b5d71a0\" data-id=\"b5d71a0\" data-element_type=\"column\">\n\t\t\t<div class=\"elementor-widget-wrap elementor-element-populated\">\n\t\t\t\t\t\t<div class=\"elementor-element elementor-element-d5caedd elementor-share-buttons--skin-flat elementor-share-buttons--align-left elementor-share-buttons-mobile--align-center elementor-share-buttons--view-icon elementor-share-buttons--color-custom elementor-share-buttons-tablet--align-center elementor-share-buttons--shape-square elementor-grid-0 elementor-widget elementor-widget-share-buttons\" data-id=\"d5caedd\" data-element_type=\"widget\" data-widget_type=\"share-buttons.default\">\n\t\t\t\t<div class=\"elementor-widget-container\">\n\t\t\t\t\t\t\t<div class=\"elementor-grid\">\n\t\t\t\t\t\t\t\t<div class=\"elementor-grid-item\">\n\t\t\t\t\t\t<div class=\"elementor-share-btn elementor-share-btn_facebook\" tabindex=\"0\" aria-label=\"Compartir en facebook\">\n\t\t\t\t\t\t\t\t\t\t\t\t\t\t\t<span class=\"elementor-share-btn__icon\">\n\t\t\t\t\t\t\t\t<i class=\"fab fa-facebook\" aria-hidden=\"true\"><\/i>\t\t\t\t\t\t\t<\/span>\n\t\t\t\t\t\t\t\t\t\t\t\t\t\t\t\t\t\t\t\t<\/div>\n\t\t\t\t\t<\/div>\n\t\t\t\t\t\t\t\t\t<div class=\"elementor-grid-item\">\n\t\t\t\t\t\t<div class=\"elementor-share-btn elementor-share-btn_twitter\" tabindex=\"0\" aria-label=\"Compartir en twitter\">\n\t\t\t\t\t\t\t\t\t\t\t\t\t\t\t<span class=\"elementor-share-btn__icon\">\n\t\t\t\t\t\t\t\t<i class=\"fab fa-twitter\" aria-hidden=\"true\"><\/i>\t\t\t\t\t\t\t<\/span>\n\t\t\t\t\t\t\t\t\t\t\t\t\t\t\t\t\t\t\t\t<\/div>\n\t\t\t\t\t<\/div>\n\t\t\t\t\t\t\t\t\t<div class=\"elementor-grid-item\">\n\t\t\t\t\t\t<div class=\"elementor-share-btn elementor-share-btn_pinterest\" tabindex=\"0\" aria-label=\"Compartir en pinterest\">\n\t\t\t\t\t\t\t\t\t\t\t\t\t\t\t<span class=\"elementor-share-btn__icon\">\n\t\t\t\t\t\t\t\t<i class=\"fab fa-pinterest\" aria-hidden=\"true\"><\/i>\t\t\t\t\t\t\t<\/span>\n\t\t\t\t\t\t\t\t\t\t\t\t\t\t\t\t\t\t\t\t<\/div>\n\t\t\t\t\t<\/div>\n\t\t\t\t\t\t\t\t\t<div class=\"elementor-grid-item\">\n\t\t\t\t\t\t<div class=\"elementor-share-btn elementor-share-btn_whatsapp\" tabindex=\"0\" aria-label=\"Compartir en whatsapp\">\n\t\t\t\t\t\t\t\t\t\t\t\t\t\t\t<span class=\"elementor-share-btn__icon\">\n\t\t\t\t\t\t\t\t<i class=\"fab fa-whatsapp\" aria-hidden=\"true\"><\/i>\t\t\t\t\t\t\t<\/span>\n\t\t\t\t\t\t\t\t\t\t\t\t\t\t\t\t\t\t\t\t<\/div>\n\t\t\t\t\t<\/div>\n\t\t\t\t\t\t<\/div>\n\t\t\t\t\t\t<\/div>\n\t\t\t\t<\/div>\n\t\t\t\t\t<\/div>\n\t\t<\/div>\n\t\t\t\t\t<\/div>\n\t\t<\/section>\n\t\t\t\t\t<\/div>\n\t\t<\/div>\n\t\t\t\t<div class=\"elementor-column elementor-col-50 elementor-top-column elementor-element elementor-element-dc3b4f3\" data-id=\"dc3b4f3\" data-element_type=\"column\">\n\t\t\t<div class=\"elementor-widget-wrap elementor-element-populated\">\n\t\t\t\t\t\t<div class=\"elementor-element elementor-element-18f7552 elementor-widget elementor-widget-heading\" data-id=\"18f7552\" data-element_type=\"widget\" data-widget_type=\"heading.default\">\n\t\t\t\t<div class=\"elementor-widget-container\">\n\t\t\t\t\t<h2 class=\"elementor-heading-title elementor-size-default\">Descripci\u00f3n del servicio<\/h2>\t\t\t\t<\/div>\n\t\t\t\t<\/div>\n\t\t\t\t<div class=\"elementor-element elementor-element-d14de2b elementor-widget elementor-widget-text-editor\" data-id=\"d14de2b\" data-element_type=\"widget\" data-widget_type=\"text-editor.default\">\n\t\t\t\t<div class=\"elementor-widget-container\">\n\t\t\t\t\t\t\t\t\t<p><span style=\"color: #111111; font-family: -apple-system, Roboto, SegoeUI, 'Segoe UI', 'Helvetica Neue', Helvetica, 'Microsoft YaHei', 'Meiryo UI', Meiryo, 'Arial Unicode MS', sans-serif; font-size: 16px; font-style: normal; font-weight: 400; background-color: rgba(255, 255, 255, 0.7);\">Celebra el amor y la amistad con una sesi\u00f3n de armonizaci\u00f3n energ\u00e9tica: Ayuda a fortalecer los v\u00ednculos, aumentar la energ\u00eda y la conexi\u00f3n.<\/span><\/p>\t\t\t\t\t\t\t\t<\/div>\n\t\t\t\t<\/div>\n\t\t\t\t<div class=\"elementor-element elementor-element-dac32f8 elementor-widget elementor-widget-heading\" data-id=\"dac32f8\" data-element_type=\"widget\" data-widget_type=\"heading.default\">\n\t\t\t\t<div class=\"elementor-widget-container\">\n\t\t\t\t\t<h2 class=\"elementor-heading-title elementor-size-default\">Cost: $150.00<\/h2>\t\t\t\t<\/div>\n\t\t\t\t<\/div>\n\t\t\t\t<div class=\"elementor-element elementor-element-d88efe8 elementor-widget elementor-widget-shortcode\" data-id=\"d88efe8\" data-element_type=\"widget\" data-widget_type=\"shortcode.default\">\n\t\t\t\t<div class=\"elementor-widget-container\">\n\t\t\t\t\t\t\t<div class=\"elementor-shortcode\"><div class=\"latepoint-book-button os_trigger_booking\" data-selected-service=\"16\"  style=\"background-color: #232F47;\" data-nonce=\"895c9de8f9\">Book Appointment<\/div><\/div>\n\t\t\t\t\t\t<\/div>\n\t\t\t\t<\/div>\n\t\t\t\t<div class=\"elementor-element elementor-element-4cee1c7 elementor-widget elementor-widget-text-editor\" data-id=\"4cee1c7\" data-element_type=\"widget\" data-widget_type=\"text-editor.default\">\n\t\t\t\t<div class=\"elementor-widget-container\">\n\t\t\t\t\t\t\t\t\t<p>El dinero no es reembolsable si usted no puede asistir debe notificarlo con 24hrs de anticipaci\u00f3n para realizar alg\u00fan cambio de horario en su cita o clase.<\/p>\t\t\t\t\t\t\t\t<\/div>\n\t\t\t\t<\/div>\n\t\t\t\t\t<\/div>\n\t\t<\/div>\n\t\t\t\t\t<\/div>\n\t\t<\/section>\n\t\t\t\t<section class=\"elementor-section elementor-top-section elementor-element elementor-element-59420e1 ignore-toc elementor-section-boxed elementor-section-height-default elementor-section-height-default\" data-id=\"59420e1\" data-element_type=\"section\">\n\t\t\t\t\t\t<div class=\"elementor-container elementor-column-gap-default\">\n\t\t\t\t\t<div class=\"elementor-column elementor-col-100 elementor-top-column elementor-element elementor-element-545b31f\" data-id=\"545b31f\" data-element_type=\"column\">\n\t\t\t<div class=\"elementor-widget-wrap elementor-element-populated\">\n\t\t\t\t\t\t<div class=\"elementor-element elementor-element-750392f elementor-widget-divider--view-line_text elementor-widget-divider--element-align-right elementor-widget elementor-widget-divider\" data-id=\"750392f\" data-element_type=\"widget\" data-widget_type=\"divider.default\">\n\t\t\t\t<div class=\"elementor-widget-container\">\n\t\t\t\t\t\t\t<div class=\"elementor-divider\">\n\t\t\t<span class=\"elementor-divider-separator\">\n\t\t\t\t\t\t<\/span>\n\t\t<\/div>\n\t\t\t\t\t\t<\/div>\n\t\t\t\t<\/div>\n\t\t\t\t<div class=\"elementor-element elementor-element-5f6e0af elementor-widget elementor-widget-heading\" data-id=\"5f6e0af\" data-element_type=\"widget\" data-widget_type=\"heading.default\">\n\t\t\t\t<div class=\"elementor-widget-container\">\n\t\t\t\t\t<h2 class=\"elementor-heading-title elementor-size-default\">Servicios relacionados<\/h2>\t\t\t\t<\/div>\n\t\t\t\t<\/div>\n\t\t\t\t\t<\/div>\n\t\t<\/div>\n\t\t\t\t\t<\/div>\n\t\t<\/section>\n\t\t\t\t<section class=\"elementor-section elementor-top-section elementor-element elementor-element-6c3e589 elementor-section-boxed elementor-section-height-default elementor-section-height-default\" data-id=\"6c3e589\" data-element_type=\"section\">\n\t\t\t\t\t\t<div class=\"elementor-container elementor-column-gap-default\">\n\t\t\t\t\t<div class=\"elementor-column elementor-col-25 elementor-top-column elementor-element elementor-element-40e61cd\" data-id=\"40e61cd\" data-element_type=\"column\">\n\t\t\t<div class=\"elementor-widget-wrap elementor-element-populated\">\n\t\t\t\t\t\t<div class=\"elementor-element elementor-element-943cd21 elementor-widget elementor-widget-image\" data-id=\"943cd21\" data-element_type=\"widget\" data-widget_type=\"image.default\">\n\t\t\t\t<div class=\"elementor-widget-container\">\n\t\t\t\t\t\t\t\t\t\t\t\t\t\t\t\t<a href=\"https:\/\/oasishealingspot.com\/es\/?page_id=1140\">\n\t\t\t\t\t\t\t<img decoding=\"async\" width=\"768\" height=\"1024\" data-src=\"https:\/\/oasishealingspot.com\/wp-content\/uploads\/2023\/03\/edz-norton-IAvYkUPm-lI-unsplash_1-768x1024.jpg\" class=\"attachment-large size-large wp-image-906 lazyload\" alt=\"\" data-srcset=\"https:\/\/oasishealingspot.com\/wp-content\/uploads\/2023\/03\/edz-norton-IAvYkUPm-lI-unsplash_1-768x1024.jpg 768w, https:\/\/oasishealingspot.com\/wp-content\/uploads\/2023\/03\/edz-norton-IAvYkUPm-lI-unsplash_1-scaled-600x800.jpg 600w, https:\/\/oasishealingspot.com\/wp-content\/uploads\/2023\/03\/edz-norton-IAvYkUPm-lI-unsplash_1-225x300.jpg 225w, https:\/\/oasishealingspot.com\/wp-content\/uploads\/2023\/03\/edz-norton-IAvYkUPm-lI-unsplash_1-1152x1536.jpg 1152w, https:\/\/oasishealingspot.com\/wp-content\/uploads\/2023\/03\/edz-norton-IAvYkUPm-lI-unsplash_1-1536x2048.jpg 1536w, https:\/\/oasishealingspot.com\/wp-content\/uploads\/2023\/03\/edz-norton-IAvYkUPm-lI-unsplash_1-scaled.jpg 1920w\" data-sizes=\"(max-width: 768px) 100vw, 768px\" src=\"data:image\/svg+xml;base64,PHN2ZyB3aWR0aD0iMSIgaGVpZ2h0PSIxIiB4bWxucz0iaHR0cDovL3d3dy53My5vcmcvMjAwMC9zdmciPjwvc3ZnPg==\" style=\"--smush-placeholder-width: 768px; --smush-placeholder-aspect-ratio: 768\/1024;\" \/>\t\t\t\t\t\t\t\t<\/a>\n\t\t\t\t\t\t\t\t\t\t\t\t\t\t\t<\/div>\n\t\t\t\t<\/div>\n\t\t\t\t<div class=\"elementor-element elementor-element-41228f0 elementor-widget elementor-widget-heading\" data-id=\"41228f0\" data-element_type=\"widget\" data-widget_type=\"heading.default\">\n\t\t\t\t<div class=\"elementor-widget-container\">\n\t\t\t\t\t<h2 class=\"elementor-heading-title elementor-size-default\">Lectura de Tarot Terap\u00e9utico<\/h2>\t\t\t\t<\/div>\n\t\t\t\t<\/div>\n\t\t\t\t\t<\/div>\n\t\t<\/div>\n\t\t\t\t<div class=\"elementor-column elementor-col-25 elementor-top-column elementor-element elementor-element-1b9fe9b\" data-id=\"1b9fe9b\" data-element_type=\"column\">\n\t\t\t<div class=\"elementor-widget-wrap elementor-element-populated\">\n\t\t\t\t\t\t<div class=\"elementor-element elementor-element-6c18481 elementor-widget elementor-widget-image\" data-id=\"6c18481\" data-element_type=\"widget\" data-widget_type=\"image.default\">\n\t\t\t\t<div class=\"elementor-widget-container\">\n\t\t\t\t\t\t\t\t\t\t\t\t\t\t\t\t<a href=\"https:\/\/oasishealingspot.com\/es\/?page_id=1104\">\n\t\t\t\t\t\t\t<img decoding=\"async\" width=\"1024\" height=\"682\" data-src=\"https:\/\/oasishealingspot.com\/wp-content\/uploads\/2023\/03\/jay-castor-7AcMUSYRZpU-unsplash-3-1024x682.jpg\" class=\"attachment-large size-large wp-image-914 lazyload\" alt=\"\" data-srcset=\"https:\/\/oasishealingspot.com\/wp-content\/uploads\/2023\/03\/jay-castor-7AcMUSYRZpU-unsplash-3-1024x682.jpg 1024w, https:\/\/oasishealingspot.com\/wp-content\/uploads\/2023\/03\/jay-castor-7AcMUSYRZpU-unsplash-3-600x400.jpg 600w, https:\/\/oasishealingspot.com\/wp-content\/uploads\/2023\/03\/jay-castor-7AcMUSYRZpU-unsplash-3-300x200.jpg 300w, https:\/\/oasishealingspot.com\/wp-content\/uploads\/2023\/03\/jay-castor-7AcMUSYRZpU-unsplash-3-768x512.jpg 768w, https:\/\/oasishealingspot.com\/wp-content\/uploads\/2023\/03\/jay-castor-7AcMUSYRZpU-unsplash-3-1536x1024.jpg 1536w, https:\/\/oasishealingspot.com\/wp-content\/uploads\/2023\/03\/jay-castor-7AcMUSYRZpU-unsplash-3.jpg 2000w\" data-sizes=\"(max-width: 1024px) 100vw, 1024px\" src=\"data:image\/svg+xml;base64,PHN2ZyB3aWR0aD0iMSIgaGVpZ2h0PSIxIiB4bWxucz0iaHR0cDovL3d3dy53My5vcmcvMjAwMC9zdmciPjwvc3ZnPg==\" style=\"--smush-placeholder-width: 1024px; --smush-placeholder-aspect-ratio: 1024\/682;\" \/>\t\t\t\t\t\t\t\t<\/a>\n\t\t\t\t\t\t\t\t\t\t\t\t\t\t\t<\/div>\n\t\t\t\t<\/div>\n\t\t\t\t<div class=\"elementor-element elementor-element-451b5aa elementor-widget elementor-widget-heading\" data-id=\"451b5aa\" data-element_type=\"widget\" data-widget_type=\"heading.default\">\n\t\t\t\t<div class=\"elementor-widget-container\">\n\t\t\t\t\t<h2 class=\"elementor-heading-title elementor-size-default\">Reiki y Sanaci\u00f3n Energ\u00e9tica<\/h2>\t\t\t\t<\/div>\n\t\t\t\t<\/div>\n\t\t\t\t\t<\/div>\n\t\t<\/div>\n\t\t\t\t<div class=\"elementor-column elementor-col-25 elementor-top-column elementor-element elementor-element-f2f4390\" data-id=\"f2f4390\" data-element_type=\"column\">\n\t\t\t<div class=\"elementor-widget-wrap elementor-element-populated\">\n\t\t\t\t\t\t<div class=\"elementor-element elementor-element-2920218 elementor-widget elementor-widget-image\" data-id=\"2920218\" data-element_type=\"widget\" data-widget_type=\"image.default\">\n\t\t\t\t<div class=\"elementor-widget-container\">\n\t\t\t\t\t\t\t\t\t\t\t\t\t\t\t\t<a href=\"https:\/\/oasishealingspot.com\/es\/?page_id=1116\">\n\t\t\t\t\t\t\t<img decoding=\"async\" width=\"683\" height=\"1024\" data-src=\"https:\/\/oasishealingspot.com\/wp-content\/uploads\/2023\/03\/michael-krahn-XlrCs-k1TOo-unsplash-1-683x1024.jpg\" class=\"attachment-large size-large wp-image-912 lazyload\" alt=\"\" data-srcset=\"https:\/\/oasishealingspot.com\/wp-content\/uploads\/2023\/03\/michael-krahn-XlrCs-k1TOo-unsplash-1-683x1024.jpg 683w, https:\/\/oasishealingspot.com\/wp-content\/uploads\/2023\/03\/michael-krahn-XlrCs-k1TOo-unsplash-1-scaled-600x900.jpg 600w, https:\/\/oasishealingspot.com\/wp-content\/uploads\/2023\/03\/michael-krahn-XlrCs-k1TOo-unsplash-1-200x300.jpg 200w, https:\/\/oasishealingspot.com\/wp-content\/uploads\/2023\/03\/michael-krahn-XlrCs-k1TOo-unsplash-1-768x1152.jpg 768w, https:\/\/oasishealingspot.com\/wp-content\/uploads\/2023\/03\/michael-krahn-XlrCs-k1TOo-unsplash-1-1024x1536.jpg 1024w, https:\/\/oasishealingspot.com\/wp-content\/uploads\/2023\/03\/michael-krahn-XlrCs-k1TOo-unsplash-1-1365x2048.jpg 1365w, https:\/\/oasishealingspot.com\/wp-content\/uploads\/2023\/03\/michael-krahn-XlrCs-k1TOo-unsplash-1-scaled.jpg 1707w\" data-sizes=\"(max-width: 683px) 100vw, 683px\" src=\"data:image\/svg+xml;base64,PHN2ZyB3aWR0aD0iMSIgaGVpZ2h0PSIxIiB4bWxucz0iaHR0cDovL3d3dy53My5vcmcvMjAwMC9zdmciPjwvc3ZnPg==\" style=\"--smush-placeholder-width: 683px; --smush-placeholder-aspect-ratio: 683\/1024;\" \/>\t\t\t\t\t\t\t\t<\/a>\n\t\t\t\t\t\t\t\t\t\t\t\t\t\t\t<\/div>\n\t\t\t\t<\/div>\n\t\t\t\t<div class=\"elementor-element elementor-element-af32e2c elementor-widget elementor-widget-heading\" data-id=\"af32e2c\" data-element_type=\"widget\" data-widget_type=\"heading.default\">\n\t\t\t\t<div class=\"elementor-widget-container\">\n\t\t\t\t\t<h2 class=\"elementor-heading-title elementor-size-default\">Sesi\u00f3n de Coaching Hol\u00edstico (Paquete de 5 Sesiones)<\/h2>\t\t\t\t<\/div>\n\t\t\t\t<\/div>\n\t\t\t\t\t<\/div>\n\t\t<\/div>\n\t\t\t\t<div class=\"elementor-column elementor-col-25 elementor-top-column elementor-element elementor-element-0af9d86\" data-id=\"0af9d86\" data-element_type=\"column\">\n\t\t\t<div class=\"elementor-widget-wrap elementor-element-populated\">\n\t\t\t\t\t\t<div class=\"elementor-element elementor-element-4e74f26 elementor-widget elementor-widget-image\" data-id=\"4e74f26\" data-element_type=\"widget\" data-widget_type=\"image.default\">\n\t\t\t\t<div class=\"elementor-widget-container\">\n\t\t\t\t\t\t\t\t\t\t\t\t\t\t\t\t<a href=\"https:\/\/oasishealingspot.com\/es\/?page_id=1058\">\n\t\t\t\t\t\t\t<img decoding=\"async\" width=\"1024\" height=\"1024\" data-src=\"https:\/\/oasishealingspot.com\/wp-content\/uploads\/2023\/03\/Angel-Therapy-photo-1024x1024.png\" class=\"attachment-large size-large wp-image-1064 lazyload\" alt=\"\" data-srcset=\"https:\/\/oasishealingspot.com\/wp-content\/uploads\/2023\/03\/Angel-Therapy-photo-1024x1024.png 1024w, https:\/\/oasishealingspot.com\/wp-content\/uploads\/2023\/03\/Angel-Therapy-photo-300x300.png 300w, https:\/\/oasishealingspot.com\/wp-content\/uploads\/2023\/03\/Angel-Therapy-photo-100x100.png 100w, https:\/\/oasishealingspot.com\/wp-content\/uploads\/2023\/03\/Angel-Therapy-photo-600x600.png 600w, https:\/\/oasishealingspot.com\/wp-content\/uploads\/2023\/03\/Angel-Therapy-photo-150x150.png 150w, https:\/\/oasishealingspot.com\/wp-content\/uploads\/2023\/03\/Angel-Therapy-photo-768x768.png 768w, https:\/\/oasishealingspot.com\/wp-content\/uploads\/2023\/03\/Angel-Therapy-photo.png 1080w\" data-sizes=\"(max-width: 1024px) 100vw, 1024px\" src=\"data:image\/svg+xml;base64,PHN2ZyB3aWR0aD0iMSIgaGVpZ2h0PSIxIiB4bWxucz0iaHR0cDovL3d3dy53My5vcmcvMjAwMC9zdmciPjwvc3ZnPg==\" style=\"--smush-placeholder-width: 1024px; --smush-placeholder-aspect-ratio: 1024\/1024;\" \/>\t\t\t\t\t\t\t\t<\/a>\n\t\t\t\t\t\t\t\t\t\t\t\t\t\t\t<\/div>\n\t\t\t\t<\/div>\n\t\t\t\t<div class=\"elementor-element elementor-element-02da25e elementor-widget elementor-widget-heading\" data-id=\"02da25e\" data-element_type=\"widget\" data-widget_type=\"heading.default\">\n\t\t\t\t<div class=\"elementor-widget-container\">\n\t\t\t\t\t<h2 class=\"elementor-heading-title elementor-size-default\">Terapia Angelical<\/h2>\t\t\t\t<\/div>\n\t\t\t\t<\/div>\n\t\t\t\t\t<\/div>\n\t\t<\/div>\n\t\t\t\t\t<\/div>\n\t\t<\/section>\n\t\t\t\t<\/div>","protected":false},"excerpt":{"rendered":"<p>Couples Reiki Session Session duration: 90 minutes Share: Service Description Celebrate love and friendship with an energy harmonization session: It helps to strengthen bonds, increase energy, and connection. Cost: $150.00 No refund will be issued, if you can\u2019t attend you must notify within 24 hours previous to your appointment or class for a schedule time [&hellip;]<\/p>","protected":false},"author":2,"featured_media":0,"parent":0,"menu_order":0,"comment_status":"closed","ping_status":"closed","template":"","meta":{"site-sidebar-layout":"default","site-content-layout":"","ast-site-content-layout":"default","site-content-style":"default","site-sidebar-style":"default","ast-global-header-display":"","ast-banner-title-visibility":"","ast-main-header-display":"","ast-hfb-above-header-display":"","ast-hfb-below-header-display":"","ast-hfb-mobile-header-display":"","site-post-title":"","ast-breadcrumbs-content":"","ast-featured-img":"","footer-sml-layout":"","ast-disable-related-posts":"","theme-transparent-header-meta":"","adv-header-id-meta":"","stick-header-meta":"","header-above-stick-meta":"","header-main-stick-meta":"","header-below-stick-meta":"","astra-migrate-meta-layouts":"set","ast-page-background-enabled":"default","ast-page-background-meta":{"desktop":{"background-color":"var(--ast-global-color-4)","background-image":"","background-repeat":"repeat","background-position":"center center","background-size":"auto","background-attachment":"scroll","background-type":"","background-media":"","overlay-type":"","overlay-color":"","overlay-opacity":"","overlay-gradient":""},"tablet":{"background-color":"","background-image":"","background-repeat":"repeat","background-position":"center center","background-size":"auto","background-attachment":"scroll","background-type":"","background-media":"","overlay-type":"","overlay-color":"","overlay-opacity":"","overlay-gradient":""},"mobile":{"background-color":"","background-image":"","background-repeat":"repeat","background-position":"center center","background-size":"auto","background-attachment":"scroll","background-type":"","background-media":"","overlay-type":"","overlay-color":"","overlay-opacity":"","overlay-gradient":""}},"ast-content-background-meta":{"desktop":{"background-color":"var(--ast-global-color-5)","background-image":"","background-repeat":"repeat","background-position":"center center","background-size":"auto","background-attachment":"scroll","background-type":"","background-media":"","overlay-type":"","overlay-color":"","overlay-opacity":"","overlay-gradient":""},"tablet":{"background-color":"var(--ast-global-color-5)","background-image":"","background-repeat":"repeat","background-position":"center center","background-size":"auto","background-attachment":"scroll","background-type":"","background-media":"","overlay-type":"","overlay-color":"","overlay-opacity":"","overlay-gradient":""},"mobile":{"background-color":"var(--ast-global-color-5)","background-image":"","background-repeat":"repeat","background-position":"center center","background-size":"auto","background-attachment":"scroll","background-type":"","background-media":"","overlay-type":"","overlay-color":"","overlay-opacity":"","overlay-gradient":""}},"footnotes":""},"class_list":["post-4848","page","type-page","status-publish","hentry"],"_links":{"self":[{"href":"https:\/\/oasishealingspot.com\/es\/wp-json\/wp\/v2\/pages\/4848","targetHints":{"allow":["GET"]}}],"collection":[{"href":"https:\/\/oasishealingspot.com\/es\/wp-json\/wp\/v2\/pages"}],"about":[{"href":"https:\/\/oasishealingspot.com\/es\/wp-json\/wp\/v2\/types\/page"}],"author":[{"embeddable":true,"href":"https:\/\/oasishealingspot.com\/es\/wp-json\/wp\/v2\/users\/2"}],"replies":[{"embeddable":true,"href":"https:\/\/oasishealingspot.com\/es\/wp-json\/wp\/v2\/comments?post=4848"}],"version-history":[{"count":13,"href":"https:\/\/oasishealingspot.com\/es\/wp-json\/wp\/v2\/pages\/4848\/revisions"}],"predecessor-version":[{"id":5281,"href":"https:\/\/oasishealingspot.com\/es\/wp-json\/wp\/v2\/pages\/4848\/revisions\/5281"}],"wp:attachment":[{"href":"https:\/\/oasishealingspot.com\/es\/wp-json\/wp\/v2\/media?parent=4848"}],"curies":[{"name":"wp","href":"https:\/\/api.w.org\/{rel}","templated":true}]}}